{"id":17360,"date":"2018-10-19T08:15:20","date_gmt":"2018-10-19T08:15:20","guid":{"rendered":"http:\/\/dev-glnmolds.younik.pt\/?page_id=17360"},"modified":"2019-10-25T09:58:44","modified_gmt":"2019-10-25T09:58:44","slug":"tecnologias","status":"publish","type":"page","link":"https:\/\/glnmolds.pt\/fr\/tecnologias\/","title":{"rendered":"Technologies"},"content":{"rendered":"<p>[vc_row padding_top_multiplier=\u00a0\u00bb4x\u00a0\u00bb padding_bottom_multiplier=\u00a0\u00bb4x\u00a0\u00bb el_class=\u00a0\u00bbour-technologies\u00a0\u00bb][vc_column]<h2 class=\"grve-element grve-title grve-align-center grve-h2 h2-strong\" style=\"\"><span>Technologies<\/span><\/h2><div class=\"grve-empty-space\" style=\"height: 10px;\"><\/div>[vc_row_inner][vc_column_inner width=\u00a0\u00bb1\/3&Prime; el_class=\u00a0\u00bbcol-certificado\u00a0\u00bb]<div class=\"grve-element grve-carousel grve-layout-1\" style=\"\">  <div class=\"grve-carousel-wrapper\">    <div class=\"grve-carousel-element tecnologias-galeria\" data-items=\"1\" data-items-tablet-landscape=\"1\" data-items-tablet-portrait=\"1\" data-items-mobile=\"1\" data-slider-autoplay=\"no\" data-slider-speed=\"3000\" data-slider-pause=\"no\" data-pagination-speed=\"400\" data-pagination=\"yes\" data-slider-loop=\"yes\"><div class=\"grve-carousel-item grve-hover-item grve-hover-style-none\">  <figure class=\"grve-image-hover\">    <div class=\"grve-hover-overlay grve-bg-light grve-opacity-0\"><\/div><div class=\"grve-media\"><img loading=\"lazy\" decoding=\"async\" width=\"732\" height=\"412\" src=\"https:\/\/glnmolds.pt\/wp-content\/uploads\/Tecnologias-2k_3k-3.jpg\" class=\"attachment-medium_large size-medium_large\" alt=\"\" srcset=\"https:\/\/glnmolds.pt\/wp-content\/uploads\/Tecnologias-2k_3k-3.jpg 732w, https:\/\/glnmolds.pt\/wp-content\/uploads\/Tecnologias-2k_3k-3-300x169.jpg 300w\" sizes=\"auto, (max-width: 732px) 100vw, 732px\" \/><\/div>  <\/figure><\/div><div class=\"grve-carousel-item grve-hover-item grve-hover-style-none\">  <figure class=\"grve-image-hover\">    <div class=\"grve-hover-overlay grve-bg-light grve-opacity-0\"><\/div><div class=\"grve-media\"><img loading=\"lazy\" decoding=\"async\" width=\"732\" height=\"412\" src=\"https:\/\/glnmolds.pt\/wp-content\/uploads\/Tecnologias-2k_3k-2.jpg\" class=\"attachment-medium_large size-medium_large\" alt=\"\" srcset=\"https:\/\/glnmolds.pt\/wp-content\/uploads\/Tecnologias-2k_3k-2.jpg 732w, https:\/\/glnmolds.pt\/wp-content\/uploads\/Tecnologias-2k_3k-2-300x169.jpg 300w\" sizes=\"auto, (max-width: 732px) 100vw, 732px\" \/><\/div>  <\/figure><\/div><div class=\"grve-carousel-item grve-hover-item grve-hover-style-none\">  <figure class=\"grve-image-hover\">    <div class=\"grve-hover-overlay grve-bg-light grve-opacity-0\"><\/div><div class=\"grve-media\"><img loading=\"lazy\" decoding=\"async\" width=\"732\" height=\"412\" src=\"https:\/\/glnmolds.pt\/wp-content\/uploads\/Tecnologias-2k_3k.jpg\" class=\"attachment-medium_large size-medium_large\" alt=\"\" srcset=\"https:\/\/glnmolds.pt\/wp-content\/uploads\/Tecnologias-2k_3k.jpg 732w, https:\/\/glnmolds.pt\/wp-content\/uploads\/Tecnologias-2k_3k-300x169.jpg 300w\" sizes=\"auto, (max-width: 732px) 100vw, 732px\" \/><\/div>  <\/figure><\/div>\t  <\/div>\t<\/div><\/div><div class=\"grve-empty-space grve-height-1x\" style=\"\"><\/div><h2 class=\"grve-element grve-title grve-align-left grve-h4 h4-strong-600\" style=\"margin-bottom: 10px;\"><span>TECHNOLOGIE\u00a02K\/3K<\/span><\/h2>[vc_column_text text_style=\u00a0\u00bbleader-text\u00a0\u00bb]Le processus\u00a02K\/3K fournit des pi\u00e8ces en plastique avec 2 ou 3 mat\u00e9riaux diff\u00e9rents. En fonction des besoins du client et des technologies disponibles, la conception du moule est adapt\u00e9e, les formats suivants \u00e9tant usuels\u00a0:<\/p>\n<ul>\n<li>Rotation moule\/plaque rotative<\/li>\n<li>Syst\u00e8me de bague r\u00e9tractable (core back)<\/li>\n<li>Transfert de robot et surmoulage (overmould)<\/li>\n<li>Index plate.<\/li>\n<\/ul>\n<p>[\/vc_column_text][\/vc_column_inner][vc_column_inner width=\u00a0\u00bb1\/3&Prime; el_class=\u00a0\u00bbcol-certificado\u00a0\u00bb]<div class=\"grve-element grve-carousel grve-layout-1\" style=\"\">  <div class=\"grve-carousel-wrapper\">    <div class=\"grve-carousel-element tecnologias-galeria\" data-items=\"1\" data-items-tablet-landscape=\"1\" data-items-tablet-portrait=\"1\" data-items-mobile=\"1\" data-slider-autoplay=\"no\" data-slider-speed=\"3000\" data-slider-pause=\"no\" data-pagination-speed=\"400\" data-pagination=\"yes\" data-slider-loop=\"yes\"><div class=\"grve-carousel-item grve-hover-item grve-hover-style-none\">  <figure class=\"grve-image-hover\">    <div class=\"grve-hover-overlay grve-bg-light grve-opacity-0\"><\/div><div class=\"grve-media\"><img loading=\"lazy\" decoding=\"async\" width=\"732\" height=\"412\" src=\"https:\/\/glnmolds.pt\/wp-content\/uploads\/Tecnologias-insert-over-moulding-01.jpg\" class=\"attachment-medium_large size-medium_large\" alt=\"\" srcset=\"https:\/\/glnmolds.pt\/wp-content\/uploads\/Tecnologias-insert-over-moulding-01.jpg 732w, https:\/\/glnmolds.pt\/wp-content\/uploads\/Tecnologias-insert-over-moulding-01-300x169.jpg 300w\" sizes=\"auto, (max-width: 732px) 100vw, 732px\" \/><\/div>  <\/figure><\/div><div class=\"grve-carousel-item grve-hover-item grve-hover-style-none\">  <figure class=\"grve-image-hover\">    <div class=\"grve-hover-overlay grve-bg-light grve-opacity-0\"><\/div><div class=\"grve-media\"><img loading=\"lazy\" decoding=\"async\" width=\"732\" height=\"412\" src=\"https:\/\/glnmolds.pt\/wp-content\/uploads\/Tecnologias-insert-over-moulding.jpg\" class=\"attachment-medium_large size-medium_large\" alt=\"\" srcset=\"https:\/\/glnmolds.pt\/wp-content\/uploads\/Tecnologias-insert-over-moulding.jpg 732w, https:\/\/glnmolds.pt\/wp-content\/uploads\/Tecnologias-insert-over-moulding-300x169.jpg 300w\" sizes=\"auto, (max-width: 732px) 100vw, 732px\" \/><\/div>  <\/figure><\/div><div class=\"grve-carousel-item grve-hover-item grve-hover-style-none\">  <figure class=\"grve-image-hover\">    <div class=\"grve-hover-overlay grve-bg-light grve-opacity-0\"><\/div><div class=\"grve-media\"><img loading=\"lazy\" decoding=\"async\" width=\"732\" height=\"412\" src=\"https:\/\/glnmolds.pt\/wp-content\/uploads\/Tecnologias-insert-over-moulding-02.jpg\" class=\"attachment-medium_large size-medium_large\" alt=\"\" srcset=\"https:\/\/glnmolds.pt\/wp-content\/uploads\/Tecnologias-insert-over-moulding-02.jpg 732w, https:\/\/glnmolds.pt\/wp-content\/uploads\/Tecnologias-insert-over-moulding-02-300x169.jpg 300w\" sizes=\"auto, (max-width: 732px) 100vw, 732px\" \/><\/div>  <\/figure><\/div>\t  <\/div>\t<\/div><\/div><div class=\"grve-empty-space grve-height-1x\" style=\"\"><\/div><h2 class=\"grve-element grve-title grve-align-left grve-h4 h4-strong-600\" style=\"margin-bottom: 10px;\"><span>Insert Over Moulding<\/span><\/h2>[vc_column_text text_style=\u00a0\u00bbleader-text\u00a0\u00bb]Ce processus (<em>insert over moulding<\/em>) permet d\u2019injecter une pi\u00e8ce en plastique avec des inserts m\u00e9talliques comme des vis, des rondelles ou tout autre composant, obtenant ainsi une pi\u00e8ce finale sans qu\u2019une finition humaine ne soit n\u00e9cessaire. Ces moules peuvent \u00eatre adapt\u00e9s \u00e0 des machines verticales (avec option 2 c\u00f4t\u00e9s d\u2019extraction) ou \u00e0 des machines horizontales.[\/vc_column_text][\/vc_column_inner][vc_column_inner width=\u00a0\u00bb1\/3&Prime; el_class=\u00a0\u00bbcol-certificado\u00a0\u00bb]<div class=\"grve-element grve-image grve-align-center\" style=\"\">  <div class=\"grve-image-wrapper\"><img loading=\"lazy\" decoding=\"async\" width=\"732\" height=\"412\" src=\"https:\/\/glnmolds.pt\/wp-content\/uploads\/Tecnologias-cooling.jpg\" class=\"attachment-full size-full\" alt=\"\" srcset=\"https:\/\/glnmolds.pt\/wp-content\/uploads\/Tecnologias-cooling.jpg 732w, https:\/\/glnmolds.pt\/wp-content\/uploads\/Tecnologias-cooling-300x169.jpg 300w\" sizes=\"auto, (max-width: 732px) 100vw, 732px\" \/>   <\/div><\/div><div class=\"grve-empty-space grve-height-1x\" style=\"\"><\/div><h2 class=\"grve-element grve-title grve-align-left grve-h4 h4-strong-600\" style=\"margin-bottom: 10px;\"><span>Heat &amp; Cool \/ Conformal Cooling<\/span><\/h2>[vc_column_text text_style=\u00a0\u00bbleader-text\u00a0\u00bb]Le \u00ab\u00a0Heat &amp; Cool\u00a0\u00bb et le \u00ab\u00a0conformal cooling\u00a0\u00bb sont des technologies qui permettent d\u2019optimiser le syst\u00e8me de contr\u00f4le des temp\u00e9ratures dans des zones sp\u00e9cifiques du moule ou de la pi\u00e8ce en plastique de fa\u00e7on \u00e0 obtenir les meilleurs r\u00e9sultats dans le processus d\u2019injection en mati\u00e8re de cycle et de qualit\u00e9 des pi\u00e8ces.[\/vc_column_text][\/vc_column_inner][\/vc_row_inner][vc_row_inner][vc_column_inner mobile_width=\u00a0\u00bbhide\u00a0\u00bb]<div class=\"grve-empty-space grve-height-1x\" style=\"\"><\/div>[\/vc_column_inner][\/vc_row_inner][vc_row_inner][vc_column_inner width=\u00a0\u00bb1\/3&Prime; el_class=\u00a0\u00bbcol-certificado\u00a0\u00bb]<div class=\"grve-element grve-carousel grve-layout-1\" style=\"\">  <div class=\"grve-carousel-wrapper\">    <div class=\"grve-carousel-element tecnologias-galeria\" data-items=\"1\" data-items-tablet-landscape=\"1\" data-items-tablet-portrait=\"1\" data-items-mobile=\"1\" data-slider-autoplay=\"no\" data-slider-speed=\"3000\" data-slider-pause=\"no\" data-pagination-speed=\"400\" data-pagination=\"yes\" data-slider-loop=\"yes\"><div class=\"grve-carousel-item grve-hover-item grve-hover-style-none\">  <figure class=\"grve-image-hover\">    <div class=\"grve-hover-overlay grve-bg-light grve-opacity-0\"><\/div><div class=\"grve-media\"><img loading=\"lazy\" decoding=\"async\" width=\"732\" height=\"412\" src=\"https:\/\/glnmolds.pt\/wp-content\/uploads\/Tecnologias-direct-side-gate-01.jpg\" class=\"attachment-medium_large size-medium_large\" alt=\"\" srcset=\"https:\/\/glnmolds.pt\/wp-content\/uploads\/Tecnologias-direct-side-gate-01.jpg 732w, https:\/\/glnmolds.pt\/wp-content\/uploads\/Tecnologias-direct-side-gate-01-300x169.jpg 300w\" sizes=\"auto, (max-width: 732px) 100vw, 732px\" \/><\/div>  <\/figure><\/div><div class=\"grve-carousel-item grve-hover-item grve-hover-style-none\">  <figure class=\"grve-image-hover\">    <div class=\"grve-hover-overlay grve-bg-light grve-opacity-0\"><\/div><div class=\"grve-media\"><img loading=\"lazy\" decoding=\"async\" width=\"732\" height=\"412\" src=\"https:\/\/glnmolds.pt\/wp-content\/uploads\/Tecnologias-direct-side-gate-04.jpg\" class=\"attachment-medium_large size-medium_large\" alt=\"\" srcset=\"https:\/\/glnmolds.pt\/wp-content\/uploads\/Tecnologias-direct-side-gate-04.jpg 732w, https:\/\/glnmolds.pt\/wp-content\/uploads\/Tecnologias-direct-side-gate-04-300x169.jpg 300w\" sizes=\"auto, (max-width: 732px) 100vw, 732px\" \/><\/div>  <\/figure><\/div>\t  <\/div>\t<\/div><\/div><div class=\"grve-empty-space grve-height-1x\" style=\"\"><\/div><h2 class=\"grve-element grve-title grve-align-left grve-h4 h4-strong-600\" style=\"margin-bottom: 10px;\"><span>Direct side gate<\/span><\/h2>[vc_column_text text_style=\u00a0\u00bbleader-text\u00a0\u00bb]Lorsqu\u2019il est n\u00e9cessaire d\u2019injecter lat\u00e9ralement et directement la pi\u00e8ce avec un syst\u00e8me de canaux chauds, le \u00ab\u00a0Direct Side Gate\u00a0\u00bb mis \u00e0 disposition par les marques les plus r\u00e9put\u00e9es sur le march\u00e9 est utilis\u00e9.[\/vc_column_text][\/vc_column_inner][vc_column_inner width=\u00a0\u00bb1\/3&Prime; el_class=\u00a0\u00bbcol-certificado\u00a0\u00bb]<div class=\"grve-element grve-carousel grve-layout-1\" style=\"\">  <div class=\"grve-carousel-wrapper\">    <div class=\"grve-carousel-element tecnologias-galeria\" data-items=\"1\" data-items-tablet-landscape=\"1\" data-items-tablet-portrait=\"1\" data-items-mobile=\"1\" data-slider-autoplay=\"no\" data-slider-speed=\"3000\" data-slider-pause=\"no\" data-pagination-speed=\"400\" data-pagination=\"yes\" data-slider-loop=\"yes\"><div class=\"grve-carousel-item grve-hover-item grve-hover-style-none\">  <figure class=\"grve-image-hover\">    <div class=\"grve-hover-overlay grve-bg-light grve-opacity-0\"><\/div><div class=\"grve-media\"><img loading=\"lazy\" decoding=\"async\" width=\"732\" height=\"412\" src=\"https:\/\/glnmolds.pt\/wp-content\/uploads\/Tecnologias-tin-wall-02-min.jpg\" class=\"attachment-medium_large size-medium_large\" alt=\"\" srcset=\"https:\/\/glnmolds.pt\/wp-content\/uploads\/Tecnologias-tin-wall-02-min.jpg 732w, https:\/\/glnmolds.pt\/wp-content\/uploads\/Tecnologias-tin-wall-02-min-300x169.jpg 300w\" sizes=\"auto, (max-width: 732px) 100vw, 732px\" \/><\/div>  <\/figure><\/div>\t  <\/div>\t<\/div><\/div><div class=\"grve-empty-space grve-height-1x\" style=\"\"><\/div><h2 class=\"grve-element grve-title grve-align-left grve-h4 h4-strong-600\" style=\"margin-bottom: 10px;\"><span>Thin Wall<\/span><\/h2>[vc_column_text text_style=\u00a0\u00bbleader-text\u00a0\u00bb]Le principal objectif de la conception de produits \u00e0 paroi fine est directement li\u00e9 \u00e0 la production en s\u00e9rie d\u2019articles permettant une r\u00e9duction substantielle de la quantit\u00e9 de mati\u00e8re premi\u00e8re et des cycles de production. Gr\u00e2ce \u00e0 cette r\u00e9duction des co\u00fbts de production, nous obtenons des produits moins chers pour le consommateur final et moins de d\u00e9chets environnementaux.<br \/>\nPour la fabrication des moules de ce type d\u2019articles, l\u2019uniformit\u00e9 dimensionnelle des zones de moulage est cruciale pour que le processus d\u2019injection se d\u00e9roule de fa\u00e7on fluide et efficace.[\/vc_column_text][\/vc_column_inner][vc_column_inner width=\u00a0\u00bb1\/3&Prime; el_class=\u00a0\u00bbcol-certificado\u00a0\u00bb][\/vc_column_inner][\/vc_row_inner][vc_row_inner][vc_column_inner mobile_width=\u00a0\u00bbhide\u00a0\u00bb]<div class=\"grve-empty-space grve-height-1x\" style=\"\"><\/div>[\/vc_column_inner][\/vc_row_inner][\/vc_column][\/vc_row]<\/p>","protected":false},"excerpt":{"rendered":"<p>[vc_row padding_top_multiplier=\u00a0\u00bb4x\u00a0\u00bb padding_bottom_multiplier=\u00a0\u00bb4x\u00a0\u00bb el_class=\u00a0\u00bbour-technologies\u00a0\u00bb][vc_column][vc_row_inner][vc_column_inner width=\u00a0\u00bb1\/3&Prime; el_class=\u00a0\u00bbcol-certificado\u00a0\u00bb][vc_column_text text_style=\u00a0\u00bbleader-text\u00a0\u00bb]Le processus\u00a02K\/3K fournit des pi\u00e8ces en plastique avec 2 ou 3 mat\u00e9riaux diff\u00e9rents. En fonction des besoins du client et des technologies disponibles, la conception du moule est adapt\u00e9e, les formats suivants \u00e9tant usuels\u00a0: Rotation moule\/plaque rotative Syst\u00e8me de bague r\u00e9tractable (core back) Transfert de robot et surmoulage (overmould) [&hellip;]<\/p>\n","protected":false},"author":1,"featured_media":0,"parent":0,"menu_order":0,"comment_status":"closed","ping_status":"closed","template":"","meta":{"footnotes":""},"class_list":["post-17360","page","type-page","status-publish","hentry"],"yoast_head":"<!-- This site is optimized with the Yoast SEO plugin v18.5.1 - https:\/\/yoast.com\/wordpress\/plugins\/seo\/ -->\n<title>Technologies - GLN Molds<\/title>\n<meta name=\"robots\" content=\"index, follow, max-snippet:-1, max-image-preview:large, max-video-preview:-1\" \/>\n<link rel=\"canonical\" href=\"https:\/\/glnmolds.pt\/tecnologias\/\" \/>\n<meta property=\"og:locale\" content=\"fr_FR\" \/>\n<meta property=\"og:type\" content=\"article\" \/>\n<meta property=\"og:title\" content=\"Technologies - GLN Molds\" \/>\n<meta property=\"og:description\" content=\"[vc_row padding_top_multiplier=\u00a0\u00bb4x\u00a0\u00bb padding_bottom_multiplier=\u00a0\u00bb4x\u00a0\u00bb el_class=\u00a0\u00bbour-technologies\u00a0\u00bb][vc_column][vc_row_inner][vc_column_inner width=\u00a0\u00bb1\/3&Prime; el_class=\u00a0\u00bbcol-certificado\u00a0\u00bb][vc_column_text text_style=\u00a0\u00bbleader-text\u00a0\u00bb]Le processus\u00a02K\/3K fournit des pi\u00e8ces en plastique avec 2 ou 3 mat\u00e9riaux diff\u00e9rents. En fonction des besoins du client et des technologies disponibles, la conception du moule est adapt\u00e9e, les formats suivants \u00e9tant usuels\u00a0: Rotation moule\/plaque rotative Syst\u00e8me de bague r\u00e9tractable (core back) Transfert de robot et surmoulage (overmould) [&hellip;]\" \/>\n<meta property=\"og:url\" content=\"https:\/\/glnmolds.pt\/tecnologias\/\" \/>\n<meta property=\"og:site_name\" content=\"GLN Molds\" \/>\n<meta property=\"article:modified_time\" content=\"2019-10-25T09:58:44+00:00\" \/>\n<meta name=\"twitter:card\" content=\"summary_large_image\" \/>\n<meta name=\"twitter:label1\" content=\"Dur\u00e9e de lecture estim\u00e9e\" \/>\n\t<meta name=\"twitter:data1\" content=\"19 minutes\" \/>\n<script type=\"application\/ld+json\" class=\"yoast-schema-graph\">{\"@context\":\"https:\/\/schema.org\",\"@graph\":[{\"@type\":\"WebSite\",\"@id\":\"https:\/\/glnmolds.pt\/#website\",\"url\":\"https:\/\/glnmolds.pt\/\",\"name\":\"GLN Molds\",\"description\":\"Molding the Future\",\"potentialAction\":[{\"@type\":\"SearchAction\",\"target\":{\"@type\":\"EntryPoint\",\"urlTemplate\":\"https:\/\/glnmolds.pt\/?s={search_term_string}\"},\"query-input\":\"required name=search_term_string\"}],\"inLanguage\":\"fr-FR\"},{\"@type\":\"WebPage\",\"@id\":\"https:\/\/glnmolds.pt\/tecnologias\/#webpage\",\"url\":\"https:\/\/glnmolds.pt\/tecnologias\/\",\"name\":\"Technologies - GLN Molds\",\"isPartOf\":{\"@id\":\"https:\/\/glnmolds.pt\/#website\"},\"datePublished\":\"2018-10-19T08:15:20+00:00\",\"dateModified\":\"2019-10-25T09:58:44+00:00\",\"breadcrumb\":{\"@id\":\"https:\/\/glnmolds.pt\/tecnologias\/#breadcrumb\"},\"inLanguage\":\"fr-FR\",\"potentialAction\":[{\"@type\":\"ReadAction\",\"target\":[\"https:\/\/glnmolds.pt\/tecnologias\/\"]}]},{\"@type\":\"BreadcrumbList\",\"@id\":\"https:\/\/glnmolds.pt\/tecnologias\/#breadcrumb\",\"itemListElement\":[{\"@type\":\"ListItem\",\"position\":1,\"name\":\"In\u00edcio\",\"item\":\"https:\/\/glnmolds.pt\/de\/\"},{\"@type\":\"ListItem\",\"position\":2,\"name\":\"Tecnologias\"}]}]}<\/script>\n<!-- \/ Yoast SEO plugin. -->","yoast_head_json":{"title":"Technologies - GLN Molds","robots":{"index":"index","follow":"follow","max-snippet":"max-snippet:-1","max-image-preview":"max-image-preview:large","max-video-preview":"max-video-preview:-1"},"canonical":"https:\/\/glnmolds.pt\/tecnologias\/","og_locale":"fr_FR","og_type":"article","og_title":"Technologies - GLN Molds","og_description":"[vc_row padding_top_multiplier=\u00a0\u00bb4x\u00a0\u00bb padding_bottom_multiplier=\u00a0\u00bb4x\u00a0\u00bb el_class=\u00a0\u00bbour-technologies\u00a0\u00bb][vc_column][vc_row_inner][vc_column_inner width=\u00a0\u00bb1\/3&Prime; el_class=\u00a0\u00bbcol-certificado\u00a0\u00bb][vc_column_text text_style=\u00a0\u00bbleader-text\u00a0\u00bb]Le processus\u00a02K\/3K fournit des pi\u00e8ces en plastique avec 2 ou 3 mat\u00e9riaux diff\u00e9rents. En fonction des besoins du client et des technologies disponibles, la conception du moule est adapt\u00e9e, les formats suivants \u00e9tant usuels\u00a0: Rotation moule\/plaque rotative Syst\u00e8me de bague r\u00e9tractable (core back) Transfert de robot et surmoulage (overmould) [&hellip;]","og_url":"https:\/\/glnmolds.pt\/tecnologias\/","og_site_name":"GLN Molds","article_modified_time":"2019-10-25T09:58:44+00:00","twitter_card":"summary_large_image","twitter_misc":{"Dur\u00e9e de lecture estim\u00e9e":"19 minutes"},"schema":{"@context":"https:\/\/schema.org","@graph":[{"@type":"WebSite","@id":"https:\/\/glnmolds.pt\/#website","url":"https:\/\/glnmolds.pt\/","name":"GLN Molds","description":"Molding the Future","potentialAction":[{"@type":"SearchAction","target":{"@type":"EntryPoint","urlTemplate":"https:\/\/glnmolds.pt\/?s={search_term_string}"},"query-input":"required name=search_term_string"}],"inLanguage":"fr-FR"},{"@type":"WebPage","@id":"https:\/\/glnmolds.pt\/tecnologias\/#webpage","url":"https:\/\/glnmolds.pt\/tecnologias\/","name":"Technologies - GLN Molds","isPartOf":{"@id":"https:\/\/glnmolds.pt\/#website"},"datePublished":"2018-10-19T08:15:20+00:00","dateModified":"2019-10-25T09:58:44+00:00","breadcrumb":{"@id":"https:\/\/glnmolds.pt\/tecnologias\/#breadcrumb"},"inLanguage":"fr-FR","potentialAction":[{"@type":"ReadAction","target":["https:\/\/glnmolds.pt\/tecnologias\/"]}]},{"@type":"BreadcrumbList","@id":"https:\/\/glnmolds.pt\/tecnologias\/#breadcrumb","itemListElement":[{"@type":"ListItem","position":1,"name":"In\u00edcio","item":"https:\/\/glnmolds.pt\/de\/"},{"@type":"ListItem","position":2,"name":"Tecnologias"}]}]}},"_links":{"self":[{"href":"https:\/\/glnmolds.pt\/fr\/wp-json\/wp\/v2\/pages\/17360","targetHints":{"allow":["GET"]}}],"collection":[{"href":"https:\/\/glnmolds.pt\/fr\/wp-json\/wp\/v2\/pages"}],"about":[{"href":"https:\/\/glnmolds.pt\/fr\/wp-json\/wp\/v2\/types\/page"}],"author":[{"embeddable":true,"href":"https:\/\/glnmolds.pt\/fr\/wp-json\/wp\/v2\/users\/1"}],"replies":[{"embeddable":true,"href":"https:\/\/glnmolds.pt\/fr\/wp-json\/wp\/v2\/comments?post=17360"}],"version-history":[{"count":52,"href":"https:\/\/glnmolds.pt\/fr\/wp-json\/wp\/v2\/pages\/17360\/revisions"}],"predecessor-version":[{"id":17720,"href":"https:\/\/glnmolds.pt\/fr\/wp-json\/wp\/v2\/pages\/17360\/revisions\/17720"}],"wp:attachment":[{"href":"https:\/\/glnmolds.pt\/fr\/wp-json\/wp\/v2\/media?parent=17360"}],"curies":[{"name":"wp","href":"https:\/\/api.w.org\/{rel}","templated":true}]}}