{"id":14724,"date":"2016-10-10T06:05:08","date_gmt":"2016-10-10T06:05:08","guid":{"rendered":"http:\/\/dev-gln.younik.pt\/about-me-ii\/"},"modified":"2025-11-07T16:38:02","modified_gmt":"2025-11-07T16:38:02","slug":"about-gln-molds","status":"publish","type":"page","link":"https:\/\/glnmolds.pt\/en\/about-gln-molds\/","title":{"rendered":"About"},"content":{"rendered":"<p>[vc_row padding_top_multiplier=&#8221;4x&#8221; padding_bottom_multiplier=&#8221;4x&#8221;][vc_column]<h2 class=\"grve-element grve-title grve-align-center grve-h2 h2-strong\" style=\"\"><span>Molding the Future<\/span><\/h2>[vc_column_text text_style=&#8221;leader-text&#8221;]<\/p>\n<p style=\"text-align: center;\">Desde 1988, olhamos para o futuro em busca de novas formas de melhorar a qualidade dos produtos e o servi\u00e7o prestado aos nossos clientes.<br \/>\nInvestimos numa unidade de produ\u00e7\u00e3o moderna, onde a mais recente gera\u00e7\u00e3o de equipamentos de engenharia e de fabrica\u00e7\u00e3o \u00e9 empregue em cada fase do processo. Os nossos equipamentos de maquina\u00e7\u00e3o de \u00faltima gera\u00e7\u00e3o garantem-nos o rigor de um micra e a execu\u00e7\u00e3o das mais complexas pe\u00e7as de a\u00e7o.<\/p>\n<p style=\"text-align: center;\">Hoje, somos reconhecidos internacionalmente como um dos produtores de moldes de refer\u00eancia a n\u00edvel europeu.<br \/>\nTrabalhamos em proximidade com os nossos clientes, em parceria para compreender totalmente os requisitos de cada molde, propondo a cada momento as melhores solu\u00e7\u00f5es de concep\u00e7\u00e3o e fabrica\u00e7\u00e3o. Colocamos todo o rigor e tecnologia em cada fase do processo de fabrico \u2013 Modela\u00e7\u00e3o\/Programa\u00e7\u00e3o CNC, Maquina\u00e7\u00e3o convencional, Maquina\u00e7\u00e3o CNC, Electro-eros\u00e3o (eros\u00e3o por penetra\u00e7\u00e3o, eros\u00e3o por fio), Rectifica\u00e7\u00e3o, Metrologia, Acabamento, Bancada\/Montagem, Testes e Expedi\u00e7\u00e3o.<\/p>\n<p style=\"text-align: center;\">Disponibilizamos aos nossos clientes uma equipa de profissionais com mais de 20 anos de experi\u00eancia, que diariamente, comprometidos com a Qualidade e com o Prazo, realizam o processo de fabrico integrado numa unidade de produ\u00e7\u00e3o, em ambiente controlado, incorporando avan\u00e7ados m\u00e9todos de controlo de qualidade em cada fase do processo, com o prop\u00f3sito \u00fanico de entregar um molde de elevada Qualidade no prazo definido.<br \/>\n<strong>Os moldes s\u00e3o a paix\u00e3o das nossas pessoas!<\/strong>[\/vc_column_text][\/vc_column][\/vc_row][vc_row bg_type=&#8221;color&#8221; padding_top_multiplier=&#8221;4x&#8221; padding_bottom_multiplier=&#8221;4x&#8221; bg_color=&#8221;#f3f3f3&#8243;][vc_column]<h2 class=\"grve-element grve-title grve-align-center grve-h2\" style=\"\"><span>Certificados<\/span><\/h2><div class=\"grve-empty-space\" style=\"height: 10px;\"><\/div>[\/vc_column][vc_column][vc_row_inner][vc_column_inner width=&#8221;1\/4&#8243; el_class=&#8221;col-certificado&#8221;]<div class=\"grve-element grve-image grve-align-center\" style=\"\">  <div class=\"grve-image-wrapper\"><img loading=\"lazy\" decoding=\"async\" width=\"698\" height=\"357\" src=\"https:\/\/glnmolds.pt\/wp-content\/uploads\/Certificado_apcer_iso_14001_e_IQNET-removebg-preview.png\" class=\"attachment-full size-full\" alt=\"\" srcset=\"https:\/\/glnmolds.pt\/wp-content\/uploads\/Certificado_apcer_iso_14001_e_IQNET-removebg-preview.png 698w, https:\/\/glnmolds.pt\/wp-content\/uploads\/Certificado_apcer_iso_14001_e_IQNET-removebg-preview-300x153.png 300w\" sizes=\"auto, (max-width: 698px) 100vw, 698px\" \/>   <\/div><\/div><h4 class=\"grve-element grve-title grve-align-left grve-h4 h4-strong-600\" style=\"margin-bottom: 10px;\"><span>ISO14001:2015<\/span><\/h4>[vc_column_text css=&#8221;.vc_custom_1531839858928{margin-top: 0px !important;}&#8221;]<\/p>\n<h6>\u00c2mbito da certifica\u00e7\u00e3o<\/h6>\n<p>[\/vc_column_text][vc_column_text text_style=&#8221;leader-text&#8221;]Sistema de Gest\u00e3o Ambiental.<br \/>\nConcep\u00e7\u00e3o e fabrica\u00e7\u00e3o de moldes para a ind\u00fastria de pl\u00e1sticos.[\/vc_column_text][\/vc_column_inner][vc_column_inner width=&#8221;1\/4&#8243; el_class=&#8221;col-certificado&#8221;]<div class=\"grve-element grve-image grve-align-center\" style=\"\">  <div class=\"grve-image-wrapper\"><img loading=\"lazy\" decoding=\"async\" width=\"399\" height=\"214\" src=\"https:\/\/glnmolds.pt\/wp-content\/uploads\/Certificado-ISO-9001.png\" class=\"attachment-full size-full\" alt=\"\" srcset=\"https:\/\/glnmolds.pt\/wp-content\/uploads\/Certificado-ISO-9001.png 399w, https:\/\/glnmolds.pt\/wp-content\/uploads\/Certificado-ISO-9001-300x161.png 300w\" sizes=\"auto, (max-width: 399px) 100vw, 399px\" \/>   <\/div><\/div><h4 class=\"grve-element grve-title grve-align-left grve-h4 h4-strong-600\" style=\"margin-bottom: 10px;\"><span>ISO 9001:2015<\/span><\/h4>[vc_column_text css=&#8221;.vc_custom_1531839858928{margin-top: 0px !important;}&#8221;]<\/p>\n<h6>\u00c2mbito da certifica\u00e7\u00e3o<\/h6>\n<p>[\/vc_column_text][vc_column_text text_style=&#8221;leader-text&#8221;]Concep\u00e7\u00e3o e fabrica\u00e7\u00e3o de moldes para a ind\u00fastria de pl\u00e1sticos.[\/vc_column_text][\/vc_column_inner][vc_column_inner width=&#8221;1\/4&#8243; el_class=&#8221;col-certificado&#8221;][\/vc_column_inner][vc_column_inner width=&#8221;1\/4&#8243; el_class=&#8221;col-certificado&#8221;][\/vc_column_inner][\/vc_row_inner][\/vc_column][\/vc_row]<\/p>\n","protected":false},"excerpt":{"rendered":"<p>[vc_row padding_top_multiplier=&#8221;4x&#8221; padding_bottom_multiplier=&#8221;4x&#8221;][vc_column][vc_column_text text_style=&#8221;leader-text&#8221;] Desde 1988, olhamos para o futuro em busca de novas formas de melhorar a qualidade dos produtos e o servi\u00e7o prestado aos nossos clientes. Investimos numa unidade de produ\u00e7\u00e3o moderna, onde a mais recente gera\u00e7\u00e3o de equipamentos de engenharia e de fabrica\u00e7\u00e3o \u00e9 empregue em cada fase do processo. Os nossos [&hellip;]<\/p>\n","protected":false},"author":1,"featured_media":0,"parent":0,"menu_order":0,"comment_status":"closed","ping_status":"closed","template":"","meta":{"footnotes":""},"class_list":["post-14724","page","type-page","status-publish","hentry"],"yoast_head":"<!-- This site is optimized with the Yoast SEO plugin v18.5.1 - https:\/\/yoast.com\/wordpress\/plugins\/seo\/ -->\n<title>About - GLN Molds<\/title>\n<meta name=\"robots\" content=\"index, follow, max-snippet:-1, max-image-preview:large, max-video-preview:-1\" \/>\n<link rel=\"canonical\" href=\"https:\/\/glnmolds.pt\/about-gln-molds\/\" \/>\n<meta property=\"og:locale\" content=\"en_US\" \/>\n<meta property=\"og:type\" content=\"article\" \/>\n<meta property=\"og:title\" content=\"About - GLN Molds\" \/>\n<meta property=\"og:description\" content=\"[vc_row padding_top_multiplier=&#8221;4x&#8221; padding_bottom_multiplier=&#8221;4x&#8221;][vc_column][vc_column_text text_style=&#8221;leader-text&#8221;] Desde 1988, olhamos para o futuro em busca de novas formas de melhorar a qualidade dos produtos e o servi\u00e7o prestado aos nossos clientes. Investimos numa unidade de produ\u00e7\u00e3o moderna, onde a mais recente gera\u00e7\u00e3o de equipamentos de engenharia e de fabrica\u00e7\u00e3o \u00e9 empregue em cada fase do processo. Os nossos [&hellip;]\" \/>\n<meta property=\"og:url\" content=\"https:\/\/glnmolds.pt\/about-gln-molds\/\" \/>\n<meta property=\"og:site_name\" content=\"GLN Molds\" \/>\n<meta property=\"article:modified_time\" content=\"2025-11-07T16:38:02+00:00\" \/>\n<meta name=\"twitter:card\" content=\"summary_large_image\" \/>\n<meta name=\"twitter:label1\" content=\"Est. reading time\" \/>\n\t<meta name=\"twitter:data1\" content=\"3 minutes\" \/>\n<script type=\"application\/ld+json\" class=\"yoast-schema-graph\">{\"@context\":\"https:\/\/schema.org\",\"@graph\":[{\"@type\":\"WebSite\",\"@id\":\"https:\/\/glnmolds.pt\/#website\",\"url\":\"https:\/\/glnmolds.pt\/\",\"name\":\"GLN Molds\",\"description\":\"Molding the Future\",\"potentialAction\":[{\"@type\":\"SearchAction\",\"target\":{\"@type\":\"EntryPoint\",\"urlTemplate\":\"https:\/\/glnmolds.pt\/?s={search_term_string}\"},\"query-input\":\"required name=search_term_string\"}],\"inLanguage\":\"en-US\"},{\"@type\":\"WebPage\",\"@id\":\"https:\/\/glnmolds.pt\/about-gln-molds\/#webpage\",\"url\":\"https:\/\/glnmolds.pt\/about-gln-molds\/\",\"name\":\"About - GLN Molds\",\"isPartOf\":{\"@id\":\"https:\/\/glnmolds.pt\/#website\"},\"datePublished\":\"2016-10-10T06:05:08+00:00\",\"dateModified\":\"2025-11-07T16:38:02+00:00\",\"breadcrumb\":{\"@id\":\"https:\/\/glnmolds.pt\/about-gln-molds\/#breadcrumb\"},\"inLanguage\":\"en-US\",\"potentialAction\":[{\"@type\":\"ReadAction\",\"target\":[\"https:\/\/glnmolds.pt\/about-gln-molds\/\"]}]},{\"@type\":\"BreadcrumbList\",\"@id\":\"https:\/\/glnmolds.pt\/about-gln-molds\/#breadcrumb\",\"itemListElement\":[{\"@type\":\"ListItem\",\"position\":1,\"name\":\"In\u00edcio\",\"item\":\"https:\/\/glnmolds.pt\/de\/\"},{\"@type\":\"ListItem\",\"position\":2,\"name\":\"[:pt]GLN Molds[:en]About[:de]\u00dcber[:fr]Au sujet [:es]Sobre [:]\"}]}]}<\/script>\n<!-- \/ Yoast SEO plugin. -->","yoast_head_json":{"title":"About - GLN Molds","robots":{"index":"index","follow":"follow","max-snippet":"max-snippet:-1","max-image-preview":"max-image-preview:large","max-video-preview":"max-video-preview:-1"},"canonical":"https:\/\/glnmolds.pt\/about-gln-molds\/","og_locale":"en_US","og_type":"article","og_title":"About - GLN Molds","og_description":"[vc_row padding_top_multiplier=&#8221;4x&#8221; padding_bottom_multiplier=&#8221;4x&#8221;][vc_column][vc_column_text text_style=&#8221;leader-text&#8221;] Desde 1988, olhamos para o futuro em busca de novas formas de melhorar a qualidade dos produtos e o servi\u00e7o prestado aos nossos clientes. Investimos numa unidade de produ\u00e7\u00e3o moderna, onde a mais recente gera\u00e7\u00e3o de equipamentos de engenharia e de fabrica\u00e7\u00e3o \u00e9 empregue em cada fase do processo. Os nossos [&hellip;]","og_url":"https:\/\/glnmolds.pt\/about-gln-molds\/","og_site_name":"GLN Molds","article_modified_time":"2025-11-07T16:38:02+00:00","twitter_card":"summary_large_image","twitter_misc":{"Est. reading time":"3 minutes"},"schema":{"@context":"https:\/\/schema.org","@graph":[{"@type":"WebSite","@id":"https:\/\/glnmolds.pt\/#website","url":"https:\/\/glnmolds.pt\/","name":"GLN Molds","description":"Molding the Future","potentialAction":[{"@type":"SearchAction","target":{"@type":"EntryPoint","urlTemplate":"https:\/\/glnmolds.pt\/?s={search_term_string}"},"query-input":"required name=search_term_string"}],"inLanguage":"en-US"},{"@type":"WebPage","@id":"https:\/\/glnmolds.pt\/about-gln-molds\/#webpage","url":"https:\/\/glnmolds.pt\/about-gln-molds\/","name":"About - GLN Molds","isPartOf":{"@id":"https:\/\/glnmolds.pt\/#website"},"datePublished":"2016-10-10T06:05:08+00:00","dateModified":"2025-11-07T16:38:02+00:00","breadcrumb":{"@id":"https:\/\/glnmolds.pt\/about-gln-molds\/#breadcrumb"},"inLanguage":"en-US","potentialAction":[{"@type":"ReadAction","target":["https:\/\/glnmolds.pt\/about-gln-molds\/"]}]},{"@type":"BreadcrumbList","@id":"https:\/\/glnmolds.pt\/about-gln-molds\/#breadcrumb","itemListElement":[{"@type":"ListItem","position":1,"name":"In\u00edcio","item":"https:\/\/glnmolds.pt\/de\/"},{"@type":"ListItem","position":2,"name":"[:pt]GLN Molds[:en]About[:de]\u00dcber[:fr]Au sujet [:es]Sobre [:]"}]}]}},"_links":{"self":[{"href":"https:\/\/glnmolds.pt\/en\/wp-json\/wp\/v2\/pages\/14724","targetHints":{"allow":["GET"]}}],"collection":[{"href":"https:\/\/glnmolds.pt\/en\/wp-json\/wp\/v2\/pages"}],"about":[{"href":"https:\/\/glnmolds.pt\/en\/wp-json\/wp\/v2\/types\/page"}],"author":[{"embeddable":true,"href":"https:\/\/glnmolds.pt\/en\/wp-json\/wp\/v2\/users\/1"}],"replies":[{"embeddable":true,"href":"https:\/\/glnmolds.pt\/en\/wp-json\/wp\/v2\/comments?post=14724"}],"version-history":[{"count":157,"href":"https:\/\/glnmolds.pt\/en\/wp-json\/wp\/v2\/pages\/14724\/revisions"}],"predecessor-version":[{"id":17907,"href":"https:\/\/glnmolds.pt\/en\/wp-json\/wp\/v2\/pages\/14724\/revisions\/17907"}],"wp:attachment":[{"href":"https:\/\/glnmolds.pt\/en\/wp-json\/wp\/v2\/media?parent=14724"}],"curies":[{"name":"wp","href":"https:\/\/api.w.org\/{rel}","templated":true}]}}