{"id":234,"date":"2017-10-26T08:47:03","date_gmt":"2017-10-26T08:47:03","guid":{"rendered":"http:\/\/dev-gln.younik.pt\/?page_id=234"},"modified":"2020-03-16T12:34:51","modified_gmt":"2020-03-16T12:34:51","slug":"home","status":"publish","type":"page","link":"https:\/\/glnmolds.pt\/de\/","title":{"rendered":"Home-GLN"},"content":{"rendered":"<p>[vc_row padding_top_multiplier=&#8220;&#8220; padding_bottom_multiplier=&#8220;&#8220; columns_gap=&#8220;none&#8220;][vc_column][rev_slider_vc alias=&#8220;gln-home&#8220;][\/vc_column][\/vc_row][vc_row padding_top_multiplier=&#8220;4x&#8220; padding_bottom_multiplier=&#8220;4x&#8220;][vc_column]<h2 class=\"grve-element grve-title grve-align-center grve-h2 h2-strong\" style=\"\"><span>Willkommen bei GLN Molds<\/span><\/h2>[vc_column_text text_style=&#8220;leader-text&#8220; animation=&#8220;grve-fade-in-up&#8220; css=&#8220;.vc_custom_1568879936009{padding-right: 3vw !important;padding-left: 3vw !important;}&#8220;]<\/p>\n<p style=\"text-align: center;\">Dank Jahrzehnte langer Erfahrung in Produktion und konstanter technologischer Innovation sind wir heute ein dynamisches Unternehmen.<br \/>\nUnser Ziel ist es als weltweit f\u00fchrendes Unternehmen unserer Branche, nicht nur im Bereich des pr\u00e4zisen technischen Hochleistungs-Formenbaus, sondern auch bei hochwertigen Spritzgussverfahren die Erwartungen unserer Kunden zu \u00fcbertreffen.<br \/>\n<strong>Wir arbeiten mit Leidenschaft daran unseren Kunden einen echten Mehrwert zu bieten.<\/strong><\/p>\n<p>[\/vc_column_text]<div class=\"grve-empty-space grve-height-1x\" style=\"\"><\/div><div class=\"grve-element grve-align-center\"><a href=\"\/about-gln-molds\/\" class=\"grve-btn grve-btn-medium grve-square grve-bg-primary-1 grve-bg-hover-primary-2 btn-gln-cor\"><span>\u00dcber GLN<\/span><\/a><\/div>[\/vc_column][\/vc_row][vc_row heading_color=&#8220;light&#8220; section_type=&#8220;fullwidth&#8220; bg_type=&#8220;color&#8220; padding_top_multiplier=&#8220;&#8220; padding_bottom_multiplier=&#8220;&#8220; columns_gap=&#8220;none&#8220; equal_column_height=&#8220;equal-column&#8220; section_id=&#8220;mercados-glnmolds&#8220; margin_bottom=&#8220;120px&#8220;][vc_column el_id=&#8220;mercados-col&#8220;]<div class=\"grve-element grve-flexible-carousel grve-carousel grve-layout-1 grve-carousel-pagination-1\" style=\"\"><div class=\"grve-carousel-wrapper\">\t<div class=\"grve-flexible-carousel-element mercadosCarrosel\" data-items=\"4\" data-items-tablet-landscape=\"4\" data-items-tablet-portrait=\"2\" data-items-mobile=\"1\" data-slider-autoplay=\"no\" data-slider-speed=\"3000\" data-slider-pause=\"no\" data-pagination-speed=\"400\" data-pagination=\"yes\" data-slider-autoheight=\"no\"><div class=\"grve-element grve-image grve-hover-item grve-hover-style-5 grve-full-image\" style=\"\">  <div class=\"grve-image-wrapper\"><figure class=\"grve-image-hover grve-media grve-zoom-none\"><a class=\"grve-item-url\" href=\"\/portfolio\/?cat=automotive\"><\/a><div class=\"grve-bg-primary-1 grve-hover-overlay  grve-opacity-90\"><\/div><img loading=\"lazy\" decoding=\"async\" width=\"560\" height=\"560\" src=\"https:\/\/glnmolds.pt\/wp-content\/uploads\/Portfolio-GLN-Molds-automovel-cover-02-560x560.jpg\" class=\"\" alt=\"\" srcset=\"https:\/\/glnmolds.pt\/wp-content\/uploads\/Portfolio-GLN-Molds-automovel-cover-02-560x560.jpg 560w, https:\/\/glnmolds.pt\/wp-content\/uploads\/Portfolio-GLN-Molds-automovel-cover-02-150x150.jpg 150w, https:\/\/glnmolds.pt\/wp-content\/uploads\/Portfolio-GLN-Molds-automovel-cover-02-80x80.jpg 80w\" sizes=\"auto, (max-width: 560px) 100vw, 560px\" \/><figcaption class=\"grve-content grve-align-center grve-box-item grve-bg-white\"><h3 class=\"grve-title grve-h3 grve-text-black\">Automotive<\/h3><\/figcaption><\/figure>   <\/div><\/div><div class=\"grve-element grve-image grve-hover-item grve-hover-style-5 grve-full-image\" style=\"\">  <div class=\"grve-image-wrapper\"><figure class=\"grve-image-hover grve-media grve-zoom-none\"><a class=\"grve-item-url\" href=\"\/portfolio\/?cat=packaging\"><\/a><div class=\"grve-bg-primary-1 grve-hover-overlay  grve-opacity-90\"><\/div><img loading=\"lazy\" decoding=\"async\" width=\"560\" height=\"560\" src=\"https:\/\/glnmolds.pt\/wp-content\/uploads\/Packaging-Portfolio-GLN-Molds-thin-wall-cover-min-560x560.jpg\" class=\"\" alt=\"\" srcset=\"https:\/\/glnmolds.pt\/wp-content\/uploads\/Packaging-Portfolio-GLN-Molds-thin-wall-cover-min-560x560.jpg 560w, https:\/\/glnmolds.pt\/wp-content\/uploads\/Packaging-Portfolio-GLN-Molds-thin-wall-cover-min-150x150.jpg 150w, https:\/\/glnmolds.pt\/wp-content\/uploads\/Packaging-Portfolio-GLN-Molds-thin-wall-cover-min-80x80.jpg 80w\" sizes=\"auto, (max-width: 560px) 100vw, 560px\" \/><figcaption class=\"grve-content grve-align-center grve-box-item grve-bg-white\"><h3 class=\"grve-title grve-h3 grve-text-black\">Verpackung<\/h3><\/figcaption><\/figure>   <\/div><\/div><div class=\"grve-element grve-image grve-hover-item grve-hover-style-5 grve-full-image\" style=\"\">  <div class=\"grve-image-wrapper\"><figure class=\"grve-image-hover grve-media grve-zoom-none\"><a class=\"grve-item-url\" href=\"\/portfolio\/?cat=electronics\"><\/a><div class=\"grve-bg-primary-1 grve-hover-overlay  grve-opacity-90\"><\/div><img loading=\"lazy\" decoding=\"async\" width=\"560\" height=\"560\" src=\"https:\/\/glnmolds.pt\/wp-content\/uploads\/01-Portfolio-GLN-Molds-Cover-03-560x560.jpg\" class=\"\" alt=\"\" srcset=\"https:\/\/glnmolds.pt\/wp-content\/uploads\/01-Portfolio-GLN-Molds-Cover-03-560x560.jpg 560w, https:\/\/glnmolds.pt\/wp-content\/uploads\/01-Portfolio-GLN-Molds-Cover-03-150x150.jpg 150w, https:\/\/glnmolds.pt\/wp-content\/uploads\/01-Portfolio-GLN-Molds-Cover-03-80x80.jpg 80w\" sizes=\"auto, (max-width: 560px) 100vw, 560px\" \/><figcaption class=\"grve-content grve-align-center grve-box-item grve-bg-white\"><h3 class=\"grve-title grve-h3 grve-text-black\">Elektronik<\/h3><\/figcaption><\/figure>   <\/div><\/div><div class=\"grve-element grve-image grve-hover-item grve-hover-style-5 grve-full-image\" style=\"\">  <div class=\"grve-image-wrapper\"><figure class=\"grve-image-hover grve-media grve-zoom-none\"><a class=\"grve-item-url\" href=\"\/portfolio\/?cat=medical-pharmaceutics\"><\/a><div class=\"grve-bg-primary-1 grve-hover-overlay  grve-opacity-90\"><\/div><img loading=\"lazy\" decoding=\"async\" width=\"560\" height=\"560\" src=\"https:\/\/glnmolds.pt\/wp-content\/uploads\/Medical-Pharmaceutic-Portfolio-GLN-Molds-caixa-peq-cover2-min-560x560.jpg\" class=\"\" alt=\"\" srcset=\"https:\/\/glnmolds.pt\/wp-content\/uploads\/Medical-Pharmaceutic-Portfolio-GLN-Molds-caixa-peq-cover2-min-560x560.jpg 560w, https:\/\/glnmolds.pt\/wp-content\/uploads\/Medical-Pharmaceutic-Portfolio-GLN-Molds-caixa-peq-cover2-min-150x150.jpg 150w, https:\/\/glnmolds.pt\/wp-content\/uploads\/Medical-Pharmaceutic-Portfolio-GLN-Molds-caixa-peq-cover2-min-80x80.jpg 80w\" sizes=\"auto, (max-width: 560px) 100vw, 560px\" \/><figcaption class=\"grve-content grve-align-center grve-box-item grve-bg-white\"><h3 class=\"grve-title grve-h3 grve-text-black\">Medizin und Pharmazeutik<\/h3><\/figcaption><\/figure>   <\/div><\/div>\t<\/div>  <\/div><\/div>[\/vc_column][\/vc_row][vc_row heading_color=&#8220;light&#8220; bg_type=&#8220;image&#8220; bg_image=&#8220;443&#8243; bg_image_type=&#8220;fixed&#8220; padding_top_multiplier=&#8220;&#8220; padding_bottom_multiplier=&#8220;&#8220;][vc_column]<div class=\"grve-empty-space\" style=\"height: 20vh;\"><\/div><h2 class=\"grve-element grve-title grve-align-center grve-animated-item grve-duration-normal grve-fade-in-up grve-h1 grve-increase-heading grve-heading-140\" style=\"\" data-delay=\"200\"><span>One Stop Shop<\/span><\/h2><h3 class=\"grve-element grve-title grve-align-center grve-animated-item grve-duration-normal grve-fade-in-up grve-h4 grve-increase-heading grve-heading-140\" style=\"\" data-delay=\"200\"><span>MOLDS &amp; INJECTION<\/span><\/h3><div class=\"grve-empty-space grve-height-2x\" style=\"\"><\/div><div class=\"grve-element grve-image grve-grayscale-image-hover grve-align-center\" style=\"\">  <div class=\"grve-image-wrapper\"><img loading=\"lazy\" decoding=\"async\" width=\"1987\" height=\"422\" src=\"https:\/\/glnmolds.pt\/wp-content\/uploads\/One-Stop-Shop-02-35.png\" class=\"attachment-full size-full\" alt=\"\" srcset=\"https:\/\/glnmolds.pt\/wp-content\/uploads\/One-Stop-Shop-02-35.png 1987w, https:\/\/glnmolds.pt\/wp-content\/uploads\/One-Stop-Shop-02-35-300x64.png 300w, https:\/\/glnmolds.pt\/wp-content\/uploads\/One-Stop-Shop-02-35-768x163.png 768w, https:\/\/glnmolds.pt\/wp-content\/uploads\/One-Stop-Shop-02-35-1024x217.png 1024w, https:\/\/glnmolds.pt\/wp-content\/uploads\/One-Stop-Shop-02-35-1920x408.png 1920w\" sizes=\"auto, (max-width: 1987px) 100vw, 1987px\" \/>   <\/div><\/div><div class=\"grve-empty-space\" style=\"height: 20vh;\"><\/div>[\/vc_column][\/vc_row][vc_row bg_type=&#8220;color&#8220; padding_top_multiplier=&#8220;custom&#8220; padding_bottom_multiplier=&#8220;custom&#8220; columns_gap=&#8220;none&#8220; padding_top=&#8220;120&#8243; padding_bottom=&#8220;120&#8243; section_id=&#8220;newsRow&#8220;][vc_column]<h2 class=\"grve-element grve-title grve-align-center grve-animated-item grve-duration-normal grve-fade-in-up grve-h2\" style=\"\" data-delay=\"200\"><span>Nachrichten<\/span><\/h2><div class=\"grve-empty-space grve-height-2x\" style=\"\"><\/div>\t\t<div class=\"grve-element grve-blog grve-blog-columns grve-blog-grid grve-isotope grve-with-gap\" style=\"\" data-columns=\"2\" data-columns-large-screen=\"2\" data-columns-tablet-landscape=\"2\" data-columns-tablet-portrait=\"2\" data-columns-mobile=\"1\" data-layout=\"fitRows\" data-spinner=\"no\" data-gutter-size=\"40\">\r\n\t\t\t<div class=\"grve-isotope-container\">\r\n\t\t\t<article class=\"grve-blog-item grve-isotope-item post-17861 post type-post status-publish format-standard has-post-thumbnail hentry category-info\" itemscope itemType=\"http:\/\/schema.org\/BlogPosting\">\r\n\t\t\t\t<div class=\"grve-blog-item-inner grve-isotope-item-inner grve-fade-in-up\">\r\n\t\t\t\t\t\t\t\t\t\t\t\t\t<div class=\"grve-media\">\r\n\t\t\t<a class=\"grve-item-url\" href=\"https:\/\/glnmolds.pt\/de\/projetos-autonomos-de-formacao-2\/\"><\/a>\r\n\t\t\t<img loading=\"lazy\" decoding=\"async\" width=\"768\" height=\"432\" src=\"https:\/\/glnmolds.pt\/wp-content\/uploads\/Logotipos-PAF_website-GLNMOLDS-768x432.png\" class=\"attachment-medium_large size-medium_large wp-post-image\" alt=\"Projetos Aut\u00f3nomos de Forma\u00e7\u00e3o\" srcset=\"https:\/\/glnmolds.pt\/wp-content\/uploads\/Logotipos-PAF_website-GLNMOLDS-768x432.png 768w, https:\/\/glnmolds.pt\/wp-content\/uploads\/Logotipos-PAF_website-GLNMOLDS-300x169.png 300w, https:\/\/glnmolds.pt\/wp-content\/uploads\/Logotipos-PAF_website-GLNMOLDS-1024x576.png 1024w, https:\/\/glnmolds.pt\/wp-content\/uploads\/Logotipos-PAF_website-GLNMOLDS-1536x864.png 1536w, https:\/\/glnmolds.pt\/wp-content\/uploads\/Logotipos-PAF_website-GLNMOLDS-1170x658.png 1170w, https:\/\/glnmolds.pt\/wp-content\/uploads\/Logotipos-PAF_website-GLNMOLDS.png 1600w\" sizes=\"auto, (max-width: 768px) 100vw, 768px\" \/>\t\t\t<div class=\"grve-bg-black grve-hover-overlay grve-opacity-10\"><\/div>\r\n\t\t<\/div>\r\n\t\t\t\t\t\t<div class=\"grve-post-content-wrapper\">\r\n\t\t\t\t\t\t\t<div class=\"grve-post-content\">\r\n\t\t\t\t\t\t\t\t<div class=\"grve-post-header\">\r\n\t\t\t\t\t\t\t\t\t\t\t\t\t\t\t\t\t\t\t\t<span class=\"grve-hidden\">\r\n\t\t\t<span class=\"grve-structured-data entry-title\">Eigenst\u00e4ndige Ausbildungsprojekte<\/span>\r\n\t\t\t<span class=\"grve-structured-data\" itemprop=\"image\" itemscope itemtype=\"http:\/\/schema.org\/ImageObject\">\r\n\t\t\t   <span itemprop='url' >https:\/\/glnmolds.pt\/wp-content\/uploads\/Logotipos-PAF_website-GLNMOLDS.png<\/span>\r\n\t\t\t   <span itemprop='height' >1600<\/span>\r\n\t\t\t   <span itemprop='width' >900<\/span>\r\n\t\t\t<\/span>\r\n\t\t\t\t\t\t<span class=\"grve-structured-data vcard author\" itemprop=\"author\" itemscope itemtype=\"http:\/\/schema.org\/Person\">\r\n\t\t\t\t<span itemprop=\"name\" class=\"fn\">GLN Molds<\/span>\r\n\t\t\t<\/span>\r\n\t\t\t<span class=\"grve-structured-data\" itemprop=\"publisher\" itemscope itemtype=\"http:\/\/schema.org\/Organization\">\r\n\t\t\t\t<span itemprop='name'>GLN Molds<\/span>\r\n\t\t\t\t<span itemprop='logo' itemscope itemtype='http:\/\/schema.org\/ImageObject'>\r\n\t\t\t\t\t<span itemprop='url'>https:\/\/glnmolds.pt\/wp-content\/uploads\/Logotipos-PAF_website-GLNMOLDS.png<\/span>\r\n\t\t\t\t<\/span>\r\n\t\t\t<\/span>\r\n\t\t\t\t\t\t<time class=\"grve-structured-data date published\" itemprop=\"datePublished\" datetime=\"2022-01-25T10:33:21+00:00\">2022-01-25<\/time>\r\n\t\t\t<time class=\"grve-structured-data date updated\" itemprop=\"dateModified\"  datetime=\"2024-01-31T18:39:59+00:00\">2024-01-31<\/time>\r\n\t\t\t<span class=\"grve-structured-data\" itemprop=\"mainEntityOfPage\" itemscope itemtype=\"http:\/\/schema.org\/WebPage\" itemid=\"https:\/\/glnmolds.pt\/de\/projetos-autonomos-de-formacao-2\/\"><\/span>\r\n\t\t<\/span>\r\n\t\t\t\t\t\t\t\t\t\t\t\t\t\t\t\t\t\t\t\t<ul class=\"grve-post-meta\">\r\n\t\t\t\t\t\t\t\t\t\t<li class=\"grve-post-date\">\t<time class=\"\" datetime=\"2022-01-25T10:33:21+00:00\">\r\n\t\t2022-01-25\t<\/time>\r\n<\/li>\t\t\t\t\t\t\t\t\t\t<\/ul>\r\n\t\t\t\t\t\t\t\t\t\t\t\t\t\t\t\t\t\t<a href=\"https:\/\/glnmolds.pt\/de\/projetos-autonomos-de-formacao-2\/\" rel=\"bookmark\"><h2 class=\"grve-post-title grve-post-title-hover grve-h4\" itemprop=\"name headline\">Eigenst\u00e4ndige Ausbildungsprojekte<\/h2><\/a>\t\t\t\t\t\t\t\t<\/div>\r\n\t\t\t\t\t\t\t\t<div itemprop=\"articleBody\"><p>[vc_row][vc_column][vc_column_text]GLNMOLDS, S.A. hat an einem Projekt mit dem Namen \u201eProjetos Aut\u00f3nomos de Forma\u00e7\u00e3o\u201c teilgenommen, dessen Hauptziel, die Erh\u00f6hung der Qualifikation und Wettbewerbsf\u00e4higkeit des Unternehmens war. Die Unterst\u00fctzung und damit verbundene&hellip;<\/p><a class=\"grve-read-more grve-link-text grve-heading-color grve-text-hover-primary-1\" href=\"https:\/\/glnmolds.pt\/de\/projetos-autonomos-de-formacao-2\/\"><span>weiterlesen<\/span><\/a><\/div>\t\t\t\t\t\t\t<\/div>\r\n\t\t\t\t\t\t<\/div>\r\n\t\t\t\t\t\r\n\t\t\t\t<\/div>\t\t\t<\/article>\r\n\r\n\t\t\t<article class=\"grve-blog-item grve-isotope-item post-17784 post type-post status-publish format-standard has-post-thumbnail hentry category-info tag-covid-19\" itemscope itemType=\"http:\/\/schema.org\/BlogPosting\">\r\n\t\t\t\t<div class=\"grve-blog-item-inner grve-isotope-item-inner grve-fade-in-up\">\r\n\t\t\t\t\t\t\t\t\t\t\t\t\t<div class=\"grve-media\">\r\n\t\t\t<a class=\"grve-item-url\" href=\"https:\/\/glnmolds.pt\/de\/covid-19-information\/\"><\/a>\r\n\t\t\t<img loading=\"lazy\" decoding=\"async\" width=\"768\" height=\"432\" src=\"https:\/\/glnmolds.pt\/wp-content\/uploads\/GLN-COVID-19-02-min-768x432.jpg\" class=\"attachment-medium_large size-medium_large wp-post-image\" alt=\"\" srcset=\"https:\/\/glnmolds.pt\/wp-content\/uploads\/GLN-COVID-19-02-min-768x432.jpg 768w, https:\/\/glnmolds.pt\/wp-content\/uploads\/GLN-COVID-19-02-min-300x169.jpg 300w, https:\/\/glnmolds.pt\/wp-content\/uploads\/GLN-COVID-19-02-min-1024x576.jpg 1024w, https:\/\/glnmolds.pt\/wp-content\/uploads\/GLN-COVID-19-02-min-1536x864.jpg 1536w, https:\/\/glnmolds.pt\/wp-content\/uploads\/GLN-COVID-19-02-min-1170x658.jpg 1170w, https:\/\/glnmolds.pt\/wp-content\/uploads\/GLN-COVID-19-02-min.jpg 1920w\" sizes=\"auto, (max-width: 768px) 100vw, 768px\" \/>\t\t\t<div class=\"grve-bg-black grve-hover-overlay grve-opacity-10\"><\/div>\r\n\t\t<\/div>\r\n\t\t\t\t\t\t<div class=\"grve-post-content-wrapper\">\r\n\t\t\t\t\t\t\t<div class=\"grve-post-content\">\r\n\t\t\t\t\t\t\t\t<div class=\"grve-post-header\">\r\n\t\t\t\t\t\t\t\t\t\t\t\t\t\t\t\t\t\t\t\t<span class=\"grve-hidden\">\r\n\t\t\t<span class=\"grve-structured-data entry-title\">INFORMATION &#038; STATUS COVID-19<\/span>\r\n\t\t\t<span class=\"grve-structured-data\" itemprop=\"image\" itemscope itemtype=\"http:\/\/schema.org\/ImageObject\">\r\n\t\t\t   <span itemprop='url' >https:\/\/glnmolds.pt\/wp-content\/uploads\/GLN-COVID-19-02-min.jpg<\/span>\r\n\t\t\t   <span itemprop='height' >1920<\/span>\r\n\t\t\t   <span itemprop='width' >1080<\/span>\r\n\t\t\t<\/span>\r\n\t\t\t\t\t\t<span class=\"grve-structured-data vcard author\" itemprop=\"author\" itemscope itemtype=\"http:\/\/schema.org\/Person\">\r\n\t\t\t\t<span itemprop=\"name\" class=\"fn\">GLN Molds<\/span>\r\n\t\t\t<\/span>\r\n\t\t\t<span class=\"grve-structured-data\" itemprop=\"publisher\" itemscope itemtype=\"http:\/\/schema.org\/Organization\">\r\n\t\t\t\t<span itemprop='name'>GLN Molds<\/span>\r\n\t\t\t\t<span itemprop='logo' itemscope itemtype='http:\/\/schema.org\/ImageObject'>\r\n\t\t\t\t\t<span itemprop='url'>https:\/\/glnmolds.pt\/wp-content\/uploads\/GLN-COVID-19-02-min.jpg<\/span>\r\n\t\t\t\t<\/span>\r\n\t\t\t<\/span>\r\n\t\t\t\t\t\t<time class=\"grve-structured-data date published\" itemprop=\"datePublished\" datetime=\"2020-03-16T11:49:27+00:00\">2020-03-16<\/time>\r\n\t\t\t<time class=\"grve-structured-data date updated\" itemprop=\"dateModified\"  datetime=\"2021-02-23T17:35:28+00:00\">2021-02-23<\/time>\r\n\t\t\t<span class=\"grve-structured-data\" itemprop=\"mainEntityOfPage\" itemscope itemtype=\"http:\/\/schema.org\/WebPage\" itemid=\"https:\/\/glnmolds.pt\/de\/covid-19-information\/\"><\/span>\r\n\t\t<\/span>\r\n\t\t\t\t\t\t\t\t\t\t\t\t\t\t\t\t\t\t\t\t<ul class=\"grve-post-meta\">\r\n\t\t\t\t\t\t\t\t\t\t<li class=\"grve-post-date\">\t<time class=\"\" datetime=\"2020-03-16T11:49:27+00:00\">\r\n\t\t2020-03-16\t<\/time>\r\n<\/li>\t\t\t\t\t\t\t\t\t\t<\/ul>\r\n\t\t\t\t\t\t\t\t\t\t\t\t\t\t\t\t\t\t<a href=\"https:\/\/glnmolds.pt\/de\/covid-19-information\/\" rel=\"bookmark\"><h2 class=\"grve-post-title grve-post-title-hover grve-h4\" itemprop=\"name headline\">INFORMATION &#038; STATUS COVID-19<\/h2><\/a>\t\t\t\t\t\t\t\t<\/div>\r\n\t\t\t\t\t\t\t\t<div itemprop=\"articleBody\"><p>As you are aware, the current situation in Europe, due to the COVID-19 Pandemic, requires companies and authorities to take extraordinary measures to minimize the spread of the virus.<\/p>\n<a class=\"grve-read-more grve-link-text grve-heading-color grve-text-hover-primary-1\" href=\"https:\/\/glnmolds.pt\/de\/covid-19-information\/\"><span>weiterlesen<\/span><\/a><\/div>\t\t\t\t\t\t\t<\/div>\r\n\t\t\t\t\t\t<\/div>\r\n\t\t\t\t\t\r\n\t\t\t\t<\/div>\t\t\t<\/article>\r\n\r\n\t\t\t<\/div>\r\n\t\t<\/div>\r\n[\/vc_column][\/vc_row][vc_row padding_top_multiplier=&#8220;&#8220; padding_bottom_multiplier=&#8220;&#8220;][vc_column][vc_raw_js]JTNDc2NyaXB0JTIwdHlwZSUzRCUyMnRleHQlMkZqYXZhc2NyaXB0JTIyJTNFJTBBd2luZG93Lm9ubG9hZCUyMCUzRCUyMGZ1bmN0aW9uJTI4JTI5JTIwJTdCJTBBJTA5dmFyJTIwbWVyY2FkbyUyMCUzRCUyMGRvY3VtZW50LnF1ZXJ5U2VsZWN0b3JBbGwlMjglMjIubWVyY2Fkb3NDYXJyb3NlbCUyMGRpdi5ncnZlLWJnLXByaW1hcnktMS5ncnZlLWhvdmVyLW92ZXJsYXklMjIlMjklM0IlMEElMDl2YXIlMjBpJTNCJTBBJTA5Zm9yJTIwJTI4aSUyMCUzRCUyMDAlM0IlMjBpJTIwJTNDJTIwbWVyY2Fkby5sZW5ndGglM0IlMjBpJTJCJTJCJTI5JTIwJTdCJTBBJTA5JTIwJTIwJTIwJTIwbWVyY2FkbyU1QmklNUQuaW5uZXJIVE1MJTIwJTNEJTIwJTI3JTNDaW1nJTIwY2xhc3MlM0QlMjJtZXJjYWRvcy1ob3ZlciUyMiUyMHNyYyUzRCUyMiUyRndwLWNvbnRlbnQlMkZ1cGxvYWRzJTJGbG9nby10cmFjZWoucG5nJTIyJTNFJTI3JTNCJTBBJTA5JTdEJTBBJTdEJTNCJTBBJTNDJTJGc2NyaXB0JTNFJTIw[\/vc_raw_js][\/vc_column][\/vc_row]<\/p>","protected":false},"excerpt":{"rendered":"<p>[vc_row padding_top_multiplier=&#8220;&#8220; padding_bottom_multiplier=&#8220;&#8220; columns_gap=&#8220;none&#8220;][vc_column][rev_slider_vc alias=&#8220;gln-home&#8220;][\/vc_column][\/vc_row][vc_row padding_top_multiplier=&#8220;4x&#8220; padding_bottom_multiplier=&#8220;4x&#8220;][vc_column][vc_column_text text_style=&#8220;leader-text&#8220; animation=&#8220;grve-fade-in-up&#8220; css=&#8220;.vc_custom_1568879936009{padding-right: 3vw !important;padding-left: 3vw !important;}&#8220;] Dank Jahrzehnte langer Erfahrung in Produktion und konstanter technologischer Innovation sind wir heute ein dynamisches Unternehmen. Unser Ziel ist es als weltweit f\u00fchrendes Unternehmen unserer Branche, nicht nur im Bereich des pr\u00e4zisen technischen Hochleistungs-Formenbaus, sondern auch bei hochwertigen Spritzgussverfahren die Erwartungen [&hellip;]<\/p>\n","protected":false},"author":1,"featured_media":0,"parent":0,"menu_order":0,"comment_status":"closed","ping_status":"closed","template":"","meta":{"footnotes":""},"class_list":["post-234","page","type-page","status-publish","hentry"],"yoast_head":"<!-- This site is optimized with the Yoast SEO plugin v18.5.1 - https:\/\/yoast.com\/wordpress\/plugins\/seo\/ -->\n<title>Home-GLN - GLN Molds<\/title>\n<meta name=\"robots\" content=\"index, follow, max-snippet:-1, max-image-preview:large, max-video-preview:-1\" \/>\n<link rel=\"canonical\" href=\"https:\/\/glnmolds.pt\/de\/\" \/>\n<meta property=\"og:locale\" content=\"de_DE\" \/>\n<meta property=\"og:type\" content=\"article\" \/>\n<meta property=\"og:title\" content=\"Home-GLN - GLN Molds\" \/>\n<meta property=\"og:description\" content=\"[vc_row padding_top_multiplier=&#8220;&#8220; padding_bottom_multiplier=&#8220;&#8220; columns_gap=&#8220;none&#8220;][vc_column][rev_slider_vc alias=&#8220;gln-home&#8220;][\/vc_column][\/vc_row][vc_row padding_top_multiplier=&#8220;4x&#8220; padding_bottom_multiplier=&#8220;4x&#8220;][vc_column][vc_column_text text_style=&#8220;leader-text&#8220; animation=&#8220;grve-fade-in-up&#8220; css=&#8220;.vc_custom_1568879936009{padding-right: 3vw !important;padding-left: 3vw !important;}&#8220;] Dank Jahrzehnte langer Erfahrung in Produktion und konstanter technologischer Innovation sind wir heute ein dynamisches Unternehmen. Unser Ziel ist es als weltweit f\u00fchrendes Unternehmen unserer Branche, nicht nur im Bereich des pr\u00e4zisen technischen Hochleistungs-Formenbaus, sondern auch bei hochwertigen Spritzgussverfahren die Erwartungen [&hellip;]\" \/>\n<meta property=\"og:url\" content=\"https:\/\/glnmolds.pt\/de\/\" \/>\n<meta property=\"og:site_name\" content=\"GLN Molds\" \/>\n<meta property=\"article:modified_time\" content=\"2020-03-16T12:34:51+00:00\" \/>\n<meta name=\"twitter:card\" content=\"summary_large_image\" \/>\n<meta name=\"twitter:label1\" content=\"Gesch\u00e4tzte Lesezeit\" \/>\n\t<meta name=\"twitter:data1\" content=\"16\u00a0Minuten\" \/>\n<script type=\"application\/ld+json\" class=\"yoast-schema-graph\">{\"@context\":\"https:\/\/schema.org\",\"@graph\":[{\"@type\":\"WebSite\",\"@id\":\"https:\/\/glnmolds.pt\/#website\",\"url\":\"https:\/\/glnmolds.pt\/\",\"name\":\"GLN Molds\",\"description\":\"Molding the Future\",\"potentialAction\":[{\"@type\":\"SearchAction\",\"target\":{\"@type\":\"EntryPoint\",\"urlTemplate\":\"https:\/\/glnmolds.pt\/?s={search_term_string}\"},\"query-input\":\"required name=search_term_string\"}],\"inLanguage\":\"de\"},{\"@type\":\"WebPage\",\"@id\":\"https:\/\/glnmolds.pt\/de\/#webpage\",\"url\":\"https:\/\/glnmolds.pt\/de\/\",\"name\":\"Home-GLN - GLN Molds\",\"isPartOf\":{\"@id\":\"https:\/\/glnmolds.pt\/#website\"},\"datePublished\":\"2017-10-26T08:47:03+00:00\",\"dateModified\":\"2020-03-16T12:34:51+00:00\",\"breadcrumb\":{\"@id\":\"https:\/\/glnmolds.pt\/de\/#breadcrumb\"},\"inLanguage\":\"de\",\"potentialAction\":[{\"@type\":\"ReadAction\",\"target\":[\"https:\/\/glnmolds.pt\/de\/\"]}]},{\"@type\":\"BreadcrumbList\",\"@id\":\"https:\/\/glnmolds.pt\/de\/#breadcrumb\",\"itemListElement\":[{\"@type\":\"ListItem\",\"position\":1,\"name\":\"In\u00edcio\",\"item\":\"https:\/\/glnmolds.pt\/de\/\"},{\"@type\":\"ListItem\",\"position\":2,\"name\":\"Home-GLN\"}]}]}<\/script>\n<!-- \/ Yoast SEO plugin. -->","yoast_head_json":{"title":"Home-GLN - GLN Molds","robots":{"index":"index","follow":"follow","max-snippet":"max-snippet:-1","max-image-preview":"max-image-preview:large","max-video-preview":"max-video-preview:-1"},"canonical":"https:\/\/glnmolds.pt\/de\/","og_locale":"de_DE","og_type":"article","og_title":"Home-GLN - GLN Molds","og_description":"[vc_row padding_top_multiplier=&#8220;&#8220; padding_bottom_multiplier=&#8220;&#8220; columns_gap=&#8220;none&#8220;][vc_column][rev_slider_vc alias=&#8220;gln-home&#8220;][\/vc_column][\/vc_row][vc_row padding_top_multiplier=&#8220;4x&#8220; padding_bottom_multiplier=&#8220;4x&#8220;][vc_column][vc_column_text text_style=&#8220;leader-text&#8220; animation=&#8220;grve-fade-in-up&#8220; css=&#8220;.vc_custom_1568879936009{padding-right: 3vw !important;padding-left: 3vw !important;}&#8220;] Dank Jahrzehnte langer Erfahrung in Produktion und konstanter technologischer Innovation sind wir heute ein dynamisches Unternehmen. Unser Ziel ist es als weltweit f\u00fchrendes Unternehmen unserer Branche, nicht nur im Bereich des pr\u00e4zisen technischen Hochleistungs-Formenbaus, sondern auch bei hochwertigen Spritzgussverfahren die Erwartungen [&hellip;]","og_url":"https:\/\/glnmolds.pt\/de\/","og_site_name":"GLN Molds","article_modified_time":"2020-03-16T12:34:51+00:00","twitter_card":"summary_large_image","twitter_misc":{"Gesch\u00e4tzte Lesezeit":"16\u00a0Minuten"},"schema":{"@context":"https:\/\/schema.org","@graph":[{"@type":"WebSite","@id":"https:\/\/glnmolds.pt\/#website","url":"https:\/\/glnmolds.pt\/","name":"GLN Molds","description":"Molding the Future","potentialAction":[{"@type":"SearchAction","target":{"@type":"EntryPoint","urlTemplate":"https:\/\/glnmolds.pt\/?s={search_term_string}"},"query-input":"required name=search_term_string"}],"inLanguage":"de"},{"@type":"WebPage","@id":"https:\/\/glnmolds.pt\/de\/#webpage","url":"https:\/\/glnmolds.pt\/de\/","name":"Home-GLN - GLN Molds","isPartOf":{"@id":"https:\/\/glnmolds.pt\/#website"},"datePublished":"2017-10-26T08:47:03+00:00","dateModified":"2020-03-16T12:34:51+00:00","breadcrumb":{"@id":"https:\/\/glnmolds.pt\/de\/#breadcrumb"},"inLanguage":"de","potentialAction":[{"@type":"ReadAction","target":["https:\/\/glnmolds.pt\/de\/"]}]},{"@type":"BreadcrumbList","@id":"https:\/\/glnmolds.pt\/de\/#breadcrumb","itemListElement":[{"@type":"ListItem","position":1,"name":"In\u00edcio","item":"https:\/\/glnmolds.pt\/de\/"},{"@type":"ListItem","position":2,"name":"Home-GLN"}]}]}},"_links":{"self":[{"href":"https:\/\/glnmolds.pt\/de\/wp-json\/wp\/v2\/pages\/234","targetHints":{"allow":["GET"]}}],"collection":[{"href":"https:\/\/glnmolds.pt\/de\/wp-json\/wp\/v2\/pages"}],"about":[{"href":"https:\/\/glnmolds.pt\/de\/wp-json\/wp\/v2\/types\/page"}],"author":[{"embeddable":true,"href":"https:\/\/glnmolds.pt\/de\/wp-json\/wp\/v2\/users\/1"}],"replies":[{"embeddable":true,"href":"https:\/\/glnmolds.pt\/de\/wp-json\/wp\/v2\/comments?post=234"}],"version-history":[{"count":205,"href":"https:\/\/glnmolds.pt\/de\/wp-json\/wp\/v2\/pages\/234\/revisions"}],"predecessor-version":[{"id":17790,"href":"https:\/\/glnmolds.pt\/de\/wp-json\/wp\/v2\/pages\/234\/revisions\/17790"}],"wp:attachment":[{"href":"https:\/\/glnmolds.pt\/de\/wp-json\/wp\/v2\/media?parent=234"}],"curies":[{"name":"wp","href":"https:\/\/api.w.org\/{rel}","templated":true}]}}