{"id":17360,"date":"2018-10-19T08:15:20","date_gmt":"2018-10-19T08:15:20","guid":{"rendered":"http:\/\/dev-glnmolds.younik.pt\/?page_id=17360"},"modified":"2019-10-25T09:58:44","modified_gmt":"2019-10-25T09:58:44","slug":"tecnologias","status":"publish","type":"page","link":"https:\/\/glnmolds.pt\/de\/tecnologias\/","title":{"rendered":"Technologie"},"content":{"rendered":"<p>[vc_row padding_top_multiplier=&#8220;4x&#8220; padding_bottom_multiplier=&#8220;4x&#8220; el_class=&#8220;our-technologies&#8220;][vc_column]<h2 class=\"grve-element grve-title grve-align-center grve-h2 h2-strong\" style=\"\"><span>Technologie<\/span><\/h2><div class=\"grve-empty-space\" style=\"height: 10px;\"><\/div>[vc_row_inner][vc_column_inner width=&#8220;1\/3&#8243; el_class=&#8220;col-certificado&#8220;]<div class=\"grve-element grve-carousel grve-layout-1\" style=\"\">  <div class=\"grve-carousel-wrapper\">    <div class=\"grve-carousel-element tecnologias-galeria\" data-items=\"1\" data-items-tablet-landscape=\"1\" data-items-tablet-portrait=\"1\" data-items-mobile=\"1\" data-slider-autoplay=\"no\" data-slider-speed=\"3000\" data-slider-pause=\"no\" data-pagination-speed=\"400\" data-pagination=\"yes\" data-slider-loop=\"yes\"><div class=\"grve-carousel-item grve-hover-item grve-hover-style-none\">  <figure class=\"grve-image-hover\">    <div class=\"grve-hover-overlay grve-bg-light grve-opacity-0\"><\/div><div class=\"grve-media\"><img loading=\"lazy\" decoding=\"async\" width=\"732\" height=\"412\" src=\"https:\/\/glnmolds.pt\/wp-content\/uploads\/Tecnologias-2k_3k-3.jpg\" class=\"attachment-medium_large size-medium_large\" alt=\"\" srcset=\"https:\/\/glnmolds.pt\/wp-content\/uploads\/Tecnologias-2k_3k-3.jpg 732w, https:\/\/glnmolds.pt\/wp-content\/uploads\/Tecnologias-2k_3k-3-300x169.jpg 300w\" sizes=\"auto, (max-width: 732px) 100vw, 732px\" \/><\/div>  <\/figure><\/div><div class=\"grve-carousel-item grve-hover-item grve-hover-style-none\">  <figure class=\"grve-image-hover\">    <div class=\"grve-hover-overlay grve-bg-light grve-opacity-0\"><\/div><div class=\"grve-media\"><img loading=\"lazy\" decoding=\"async\" width=\"732\" height=\"412\" src=\"https:\/\/glnmolds.pt\/wp-content\/uploads\/Tecnologias-2k_3k-2.jpg\" class=\"attachment-medium_large size-medium_large\" alt=\"\" srcset=\"https:\/\/glnmolds.pt\/wp-content\/uploads\/Tecnologias-2k_3k-2.jpg 732w, https:\/\/glnmolds.pt\/wp-content\/uploads\/Tecnologias-2k_3k-2-300x169.jpg 300w\" sizes=\"auto, (max-width: 732px) 100vw, 732px\" \/><\/div>  <\/figure><\/div><div class=\"grve-carousel-item grve-hover-item grve-hover-style-none\">  <figure class=\"grve-image-hover\">    <div class=\"grve-hover-overlay grve-bg-light grve-opacity-0\"><\/div><div class=\"grve-media\"><img loading=\"lazy\" decoding=\"async\" width=\"732\" height=\"412\" src=\"https:\/\/glnmolds.pt\/wp-content\/uploads\/Tecnologias-2k_3k.jpg\" class=\"attachment-medium_large size-medium_large\" alt=\"\" srcset=\"https:\/\/glnmolds.pt\/wp-content\/uploads\/Tecnologias-2k_3k.jpg 732w, https:\/\/glnmolds.pt\/wp-content\/uploads\/Tecnologias-2k_3k-300x169.jpg 300w\" sizes=\"auto, (max-width: 732px) 100vw, 732px\" \/><\/div>  <\/figure><\/div>\t  <\/div>\t<\/div><\/div><div class=\"grve-empty-space grve-height-1x\" style=\"\"><\/div><h2 class=\"grve-element grve-title grve-align-left grve-h4 h4-strong-600\" style=\"margin-bottom: 10px;\"><span>2K\/3K TECHNOLOGIE<\/span><\/h2>[vc_column_text text_style=&#8220;leader-text&#8220;]Das 2K \/ 3K-Verfahren erm\u00f6glicht es, Kunststoffteile aus 2 oder 3 verschiedenen Materialien zu erhalten. Abh\u00e4ngig von den Anforderungen des Kunden und den zur Verf\u00fcgung stehenden Technologien wird das Formkonzept angepasst, wobei die folgenden Formate \u00fcblich sind:<\/p>\n<ul>\n<li>Drehplattentechnik (vertikal \/ horizontal)<\/li>\n<li>Sperrschiebertechnik (core back)<\/li>\n<li>Umsetztechnik mithilfe von Roboter und \u00dcberspritzen (overmould)<\/li>\n<li>Indexplatte.<\/li>\n<\/ul>\n<p>[\/vc_column_text][\/vc_column_inner][vc_column_inner width=&#8220;1\/3&#8243; el_class=&#8220;col-certificado&#8220;]<div class=\"grve-element grve-carousel grve-layout-1\" style=\"\">  <div class=\"grve-carousel-wrapper\">    <div class=\"grve-carousel-element tecnologias-galeria\" data-items=\"1\" data-items-tablet-landscape=\"1\" data-items-tablet-portrait=\"1\" data-items-mobile=\"1\" data-slider-autoplay=\"no\" data-slider-speed=\"3000\" data-slider-pause=\"no\" data-pagination-speed=\"400\" data-pagination=\"yes\" data-slider-loop=\"yes\"><div class=\"grve-carousel-item grve-hover-item grve-hover-style-none\">  <figure class=\"grve-image-hover\">    <div class=\"grve-hover-overlay grve-bg-light grve-opacity-0\"><\/div><div class=\"grve-media\"><img loading=\"lazy\" decoding=\"async\" width=\"732\" height=\"412\" src=\"https:\/\/glnmolds.pt\/wp-content\/uploads\/Tecnologias-insert-over-moulding-01.jpg\" class=\"attachment-medium_large size-medium_large\" alt=\"\" srcset=\"https:\/\/glnmolds.pt\/wp-content\/uploads\/Tecnologias-insert-over-moulding-01.jpg 732w, https:\/\/glnmolds.pt\/wp-content\/uploads\/Tecnologias-insert-over-moulding-01-300x169.jpg 300w\" sizes=\"auto, (max-width: 732px) 100vw, 732px\" \/><\/div>  <\/figure><\/div><div class=\"grve-carousel-item grve-hover-item grve-hover-style-none\">  <figure class=\"grve-image-hover\">    <div class=\"grve-hover-overlay grve-bg-light grve-opacity-0\"><\/div><div class=\"grve-media\"><img loading=\"lazy\" decoding=\"async\" width=\"732\" height=\"412\" src=\"https:\/\/glnmolds.pt\/wp-content\/uploads\/Tecnologias-insert-over-moulding.jpg\" class=\"attachment-medium_large size-medium_large\" alt=\"\" srcset=\"https:\/\/glnmolds.pt\/wp-content\/uploads\/Tecnologias-insert-over-moulding.jpg 732w, https:\/\/glnmolds.pt\/wp-content\/uploads\/Tecnologias-insert-over-moulding-300x169.jpg 300w\" sizes=\"auto, (max-width: 732px) 100vw, 732px\" \/><\/div>  <\/figure><\/div><div class=\"grve-carousel-item grve-hover-item grve-hover-style-none\">  <figure class=\"grve-image-hover\">    <div class=\"grve-hover-overlay grve-bg-light grve-opacity-0\"><\/div><div class=\"grve-media\"><img loading=\"lazy\" decoding=\"async\" width=\"732\" height=\"412\" src=\"https:\/\/glnmolds.pt\/wp-content\/uploads\/Tecnologias-insert-over-moulding-02.jpg\" class=\"attachment-medium_large size-medium_large\" alt=\"\" srcset=\"https:\/\/glnmolds.pt\/wp-content\/uploads\/Tecnologias-insert-over-moulding-02.jpg 732w, https:\/\/glnmolds.pt\/wp-content\/uploads\/Tecnologias-insert-over-moulding-02-300x169.jpg 300w\" sizes=\"auto, (max-width: 732px) 100vw, 732px\" \/><\/div>  <\/figure><\/div>\t  <\/div>\t<\/div><\/div><div class=\"grve-empty-space grve-height-1x\" style=\"\"><\/div><h2 class=\"grve-element grve-title grve-align-left grve-h4 h4-strong-600\" style=\"margin-bottom: 10px;\"><span>Insert Over Moulding<\/span><\/h2>[vc_column_text text_style=&#8220;leader-text&#8220;]Dieser Prozess (<em>Insert over moulding<\/em>) erm\u00f6glicht es, ein Kunststoffteil mit metallischen Eins\u00e4tzen wie Schrauben, Unterlegscheiben oder anderen Komponenten zu spritzen, um ein Endprodukt zu erhalten, dass nicht manuell nachbearbeitet werden muss. Diese Formen k\u00f6nnen sowohl an vertikale Maschinen <em>(mit optional 2 Extraktionsseiten<\/em>) als auch an horizontale Maschinen angepasst werden.[\/vc_column_text][\/vc_column_inner][vc_column_inner width=&#8220;1\/3&#8243; el_class=&#8220;col-certificado&#8220;]<div class=\"grve-element grve-image grve-align-center\" style=\"\">  <div class=\"grve-image-wrapper\"><img loading=\"lazy\" decoding=\"async\" width=\"732\" height=\"412\" src=\"https:\/\/glnmolds.pt\/wp-content\/uploads\/Tecnologias-cooling.jpg\" class=\"attachment-full size-full\" alt=\"\" srcset=\"https:\/\/glnmolds.pt\/wp-content\/uploads\/Tecnologias-cooling.jpg 732w, https:\/\/glnmolds.pt\/wp-content\/uploads\/Tecnologias-cooling-300x169.jpg 300w\" sizes=\"auto, (max-width: 732px) 100vw, 732px\" \/>   <\/div><\/div><div class=\"grve-empty-space grve-height-1x\" style=\"\"><\/div><h2 class=\"grve-element grve-title grve-align-left grve-h4 h4-strong-600\" style=\"margin-bottom: 10px;\"><span>Heat &amp; Cool \/ Conformal Cooling<\/span><\/h2>[vc_column_text text_style=&#8220;leader-text&#8220;]Heat &amp; Cool und Conformal Cool sind Technologien, die das Temperaturregelsystem in bestimmten Bereichen der Form oder des Kunststoffteils optimieren, um beim Einspritzen die besten Ergebnisse in Bezug auf Zyklus- und Teilequalit\u00e4t zu erzielen.[\/vc_column_text][\/vc_column_inner][\/vc_row_inner][vc_row_inner][vc_column_inner mobile_width=&#8220;hide&#8220;]<div class=\"grve-empty-space grve-height-1x\" style=\"\"><\/div>[\/vc_column_inner][\/vc_row_inner][vc_row_inner][vc_column_inner width=&#8220;1\/3&#8243; el_class=&#8220;col-certificado&#8220;]<div class=\"grve-element grve-carousel grve-layout-1\" style=\"\">  <div class=\"grve-carousel-wrapper\">    <div class=\"grve-carousel-element tecnologias-galeria\" data-items=\"1\" data-items-tablet-landscape=\"1\" data-items-tablet-portrait=\"1\" data-items-mobile=\"1\" data-slider-autoplay=\"no\" data-slider-speed=\"3000\" data-slider-pause=\"no\" data-pagination-speed=\"400\" data-pagination=\"yes\" data-slider-loop=\"yes\"><div class=\"grve-carousel-item grve-hover-item grve-hover-style-none\">  <figure class=\"grve-image-hover\">    <div class=\"grve-hover-overlay grve-bg-light grve-opacity-0\"><\/div><div class=\"grve-media\"><img loading=\"lazy\" decoding=\"async\" width=\"732\" height=\"412\" src=\"https:\/\/glnmolds.pt\/wp-content\/uploads\/Tecnologias-direct-side-gate-01.jpg\" class=\"attachment-medium_large size-medium_large\" alt=\"\" srcset=\"https:\/\/glnmolds.pt\/wp-content\/uploads\/Tecnologias-direct-side-gate-01.jpg 732w, https:\/\/glnmolds.pt\/wp-content\/uploads\/Tecnologias-direct-side-gate-01-300x169.jpg 300w\" sizes=\"auto, (max-width: 732px) 100vw, 732px\" \/><\/div>  <\/figure><\/div><div class=\"grve-carousel-item grve-hover-item grve-hover-style-none\">  <figure class=\"grve-image-hover\">    <div class=\"grve-hover-overlay grve-bg-light grve-opacity-0\"><\/div><div class=\"grve-media\"><img loading=\"lazy\" decoding=\"async\" width=\"732\" height=\"412\" src=\"https:\/\/glnmolds.pt\/wp-content\/uploads\/Tecnologias-direct-side-gate-04.jpg\" class=\"attachment-medium_large size-medium_large\" alt=\"\" srcset=\"https:\/\/glnmolds.pt\/wp-content\/uploads\/Tecnologias-direct-side-gate-04.jpg 732w, https:\/\/glnmolds.pt\/wp-content\/uploads\/Tecnologias-direct-side-gate-04-300x169.jpg 300w\" sizes=\"auto, (max-width: 732px) 100vw, 732px\" \/><\/div>  <\/figure><\/div>\t  <\/div>\t<\/div><\/div><div class=\"grve-empty-space grve-height-1x\" style=\"\"><\/div><h2 class=\"grve-element grve-title grve-align-left grve-h4 h4-strong-600\" style=\"margin-bottom: 10px;\"><span>Direct side gate<\/span><\/h2>[vc_column_text text_style=&#8220;leader-text&#8220;]Wenn ein Teil mittels eines Hei\u00dfkanalsystems seitlich und direkt eingespritzt werden muss, wird ein \u201eDirect Side Gate\u201c eingesetzt, das von den renommiertesten Herstellern des Markts angeboten wird.[\/vc_column_text][\/vc_column_inner][vc_column_inner width=&#8220;1\/3&#8243; el_class=&#8220;col-certificado&#8220;]<div class=\"grve-element grve-carousel grve-layout-1\" style=\"\">  <div class=\"grve-carousel-wrapper\">    <div class=\"grve-carousel-element tecnologias-galeria\" data-items=\"1\" data-items-tablet-landscape=\"1\" data-items-tablet-portrait=\"1\" data-items-mobile=\"1\" data-slider-autoplay=\"no\" data-slider-speed=\"3000\" data-slider-pause=\"no\" data-pagination-speed=\"400\" data-pagination=\"yes\" data-slider-loop=\"yes\"><div class=\"grve-carousel-item grve-hover-item grve-hover-style-none\">  <figure class=\"grve-image-hover\">    <div class=\"grve-hover-overlay grve-bg-light grve-opacity-0\"><\/div><div class=\"grve-media\"><img loading=\"lazy\" decoding=\"async\" width=\"732\" height=\"412\" src=\"https:\/\/glnmolds.pt\/wp-content\/uploads\/Tecnologias-tin-wall-02-min.jpg\" class=\"attachment-medium_large size-medium_large\" alt=\"\" srcset=\"https:\/\/glnmolds.pt\/wp-content\/uploads\/Tecnologias-tin-wall-02-min.jpg 732w, https:\/\/glnmolds.pt\/wp-content\/uploads\/Tecnologias-tin-wall-02-min-300x169.jpg 300w\" sizes=\"auto, (max-width: 732px) 100vw, 732px\" \/><\/div>  <\/figure><\/div>\t  <\/div>\t<\/div><\/div><div class=\"grve-empty-space grve-height-1x\" style=\"\"><\/div><h2 class=\"grve-element grve-title grve-align-left grve-h4 h4-strong-600\" style=\"margin-bottom: 10px;\"><span>Thin Wall<\/span><\/h2>[vc_column_text text_style=&#8220;leader-text&#8220;]Der gr\u00f6\u00dfte Vorteil bei der Herstellung d\u00fcnnwandiger Produkte steht in direktem Zusammenhang mit der Herstellung von Massenartikeln, da hierdurch eine erhebliche Reduzierung der Rohstoffmenge und der Produktionszyklen erm\u00f6glicht wird. Die folgliche Senkung der Produktionskosten f\u00fchrt zu g\u00fcnstigeren Produkten f\u00fcr den Endverbraucher und weniger umweltsch\u00e4dlichen Abf\u00e4llen.<br \/>\nF\u00fcr die Herstellung von Formen f\u00fcr diese Art von Artikeln ist die dimensionale Standardisierung der Formbereiche entscheidend, damit der Spritzgie\u00dfprozess st\u00f6rungsfrei und effizient ablaufen kann.[\/vc_column_text][\/vc_column_inner][vc_column_inner width=&#8220;1\/3&#8243; el_class=&#8220;col-certificado&#8220;][\/vc_column_inner][\/vc_row_inner][vc_row_inner][vc_column_inner mobile_width=&#8220;hide&#8220;]<div class=\"grve-empty-space grve-height-1x\" style=\"\"><\/div>[\/vc_column_inner][\/vc_row_inner][\/vc_column][\/vc_row]<\/p>","protected":false},"excerpt":{"rendered":"<p>[vc_row padding_top_multiplier=&#8220;4x&#8220; padding_bottom_multiplier=&#8220;4x&#8220; el_class=&#8220;our-technologies&#8220;][vc_column][vc_row_inner][vc_column_inner width=&#8220;1\/3&#8243; el_class=&#8220;col-certificado&#8220;][vc_column_text text_style=&#8220;leader-text&#8220;]Das 2K \/ 3K-Verfahren erm\u00f6glicht es, Kunststoffteile aus 2 oder 3 verschiedenen Materialien zu erhalten. Abh\u00e4ngig von den Anforderungen des Kunden und den zur Verf\u00fcgung stehenden Technologien wird das Formkonzept angepasst, wobei die folgenden Formate \u00fcblich sind: Drehplattentechnik (vertikal \/ horizontal) Sperrschiebertechnik (core back) Umsetztechnik mithilfe von Roboter und [&hellip;]<\/p>\n","protected":false},"author":1,"featured_media":0,"parent":0,"menu_order":0,"comment_status":"closed","ping_status":"closed","template":"","meta":{"footnotes":""},"class_list":["post-17360","page","type-page","status-publish","hentry"],"yoast_head":"<!-- This site is optimized with the Yoast SEO plugin v18.5.1 - https:\/\/yoast.com\/wordpress\/plugins\/seo\/ -->\n<title>Technologie - GLN Molds<\/title>\n<meta name=\"robots\" content=\"index, follow, max-snippet:-1, max-image-preview:large, max-video-preview:-1\" \/>\n<link rel=\"canonical\" href=\"https:\/\/glnmolds.pt\/tecnologias\/\" \/>\n<meta property=\"og:locale\" content=\"de_DE\" \/>\n<meta property=\"og:type\" content=\"article\" \/>\n<meta property=\"og:title\" content=\"Technologie - GLN Molds\" \/>\n<meta property=\"og:description\" content=\"[vc_row padding_top_multiplier=&#8220;4x&#8220; padding_bottom_multiplier=&#8220;4x&#8220; el_class=&#8220;our-technologies&#8220;][vc_column][vc_row_inner][vc_column_inner width=&#8220;1\/3&#8243; el_class=&#8220;col-certificado&#8220;][vc_column_text text_style=&#8220;leader-text&#8220;]Das 2K \/ 3K-Verfahren erm\u00f6glicht es, Kunststoffteile aus 2 oder 3 verschiedenen Materialien zu erhalten. Abh\u00e4ngig von den Anforderungen des Kunden und den zur Verf\u00fcgung stehenden Technologien wird das Formkonzept angepasst, wobei die folgenden Formate \u00fcblich sind: Drehplattentechnik (vertikal \/ horizontal) Sperrschiebertechnik (core back) Umsetztechnik mithilfe von Roboter und [&hellip;]\" \/>\n<meta property=\"og:url\" content=\"https:\/\/glnmolds.pt\/tecnologias\/\" \/>\n<meta property=\"og:site_name\" content=\"GLN Molds\" \/>\n<meta property=\"article:modified_time\" content=\"2019-10-25T09:58:44+00:00\" \/>\n<meta name=\"twitter:card\" content=\"summary_large_image\" \/>\n<meta name=\"twitter:label1\" content=\"Gesch\u00e4tzte Lesezeit\" \/>\n\t<meta name=\"twitter:data1\" content=\"19\u00a0Minuten\" \/>\n<script type=\"application\/ld+json\" class=\"yoast-schema-graph\">{\"@context\":\"https:\/\/schema.org\",\"@graph\":[{\"@type\":\"WebSite\",\"@id\":\"https:\/\/glnmolds.pt\/#website\",\"url\":\"https:\/\/glnmolds.pt\/\",\"name\":\"GLN Molds\",\"description\":\"Molding the Future\",\"potentialAction\":[{\"@type\":\"SearchAction\",\"target\":{\"@type\":\"EntryPoint\",\"urlTemplate\":\"https:\/\/glnmolds.pt\/?s={search_term_string}\"},\"query-input\":\"required name=search_term_string\"}],\"inLanguage\":\"de\"},{\"@type\":\"WebPage\",\"@id\":\"https:\/\/glnmolds.pt\/tecnologias\/#webpage\",\"url\":\"https:\/\/glnmolds.pt\/tecnologias\/\",\"name\":\"Technologie - GLN Molds\",\"isPartOf\":{\"@id\":\"https:\/\/glnmolds.pt\/#website\"},\"datePublished\":\"2018-10-19T08:15:20+00:00\",\"dateModified\":\"2019-10-25T09:58:44+00:00\",\"breadcrumb\":{\"@id\":\"https:\/\/glnmolds.pt\/tecnologias\/#breadcrumb\"},\"inLanguage\":\"de\",\"potentialAction\":[{\"@type\":\"ReadAction\",\"target\":[\"https:\/\/glnmolds.pt\/tecnologias\/\"]}]},{\"@type\":\"BreadcrumbList\",\"@id\":\"https:\/\/glnmolds.pt\/tecnologias\/#breadcrumb\",\"itemListElement\":[{\"@type\":\"ListItem\",\"position\":1,\"name\":\"In\u00edcio\",\"item\":\"https:\/\/glnmolds.pt\/de\/\"},{\"@type\":\"ListItem\",\"position\":2,\"name\":\"Tecnologias\"}]}]}<\/script>\n<!-- \/ Yoast SEO plugin. -->","yoast_head_json":{"title":"Technologie - GLN Molds","robots":{"index":"index","follow":"follow","max-snippet":"max-snippet:-1","max-image-preview":"max-image-preview:large","max-video-preview":"max-video-preview:-1"},"canonical":"https:\/\/glnmolds.pt\/tecnologias\/","og_locale":"de_DE","og_type":"article","og_title":"Technologie - GLN Molds","og_description":"[vc_row padding_top_multiplier=&#8220;4x&#8220; padding_bottom_multiplier=&#8220;4x&#8220; el_class=&#8220;our-technologies&#8220;][vc_column][vc_row_inner][vc_column_inner width=&#8220;1\/3&#8243; el_class=&#8220;col-certificado&#8220;][vc_column_text text_style=&#8220;leader-text&#8220;]Das 2K \/ 3K-Verfahren erm\u00f6glicht es, Kunststoffteile aus 2 oder 3 verschiedenen Materialien zu erhalten. Abh\u00e4ngig von den Anforderungen des Kunden und den zur Verf\u00fcgung stehenden Technologien wird das Formkonzept angepasst, wobei die folgenden Formate \u00fcblich sind: Drehplattentechnik (vertikal \/ horizontal) Sperrschiebertechnik (core back) Umsetztechnik mithilfe von Roboter und [&hellip;]","og_url":"https:\/\/glnmolds.pt\/tecnologias\/","og_site_name":"GLN Molds","article_modified_time":"2019-10-25T09:58:44+00:00","twitter_card":"summary_large_image","twitter_misc":{"Gesch\u00e4tzte Lesezeit":"19\u00a0Minuten"},"schema":{"@context":"https:\/\/schema.org","@graph":[{"@type":"WebSite","@id":"https:\/\/glnmolds.pt\/#website","url":"https:\/\/glnmolds.pt\/","name":"GLN Molds","description":"Molding the Future","potentialAction":[{"@type":"SearchAction","target":{"@type":"EntryPoint","urlTemplate":"https:\/\/glnmolds.pt\/?s={search_term_string}"},"query-input":"required name=search_term_string"}],"inLanguage":"de"},{"@type":"WebPage","@id":"https:\/\/glnmolds.pt\/tecnologias\/#webpage","url":"https:\/\/glnmolds.pt\/tecnologias\/","name":"Technologie - GLN Molds","isPartOf":{"@id":"https:\/\/glnmolds.pt\/#website"},"datePublished":"2018-10-19T08:15:20+00:00","dateModified":"2019-10-25T09:58:44+00:00","breadcrumb":{"@id":"https:\/\/glnmolds.pt\/tecnologias\/#breadcrumb"},"inLanguage":"de","potentialAction":[{"@type":"ReadAction","target":["https:\/\/glnmolds.pt\/tecnologias\/"]}]},{"@type":"BreadcrumbList","@id":"https:\/\/glnmolds.pt\/tecnologias\/#breadcrumb","itemListElement":[{"@type":"ListItem","position":1,"name":"In\u00edcio","item":"https:\/\/glnmolds.pt\/de\/"},{"@type":"ListItem","position":2,"name":"Tecnologias"}]}]}},"_links":{"self":[{"href":"https:\/\/glnmolds.pt\/de\/wp-json\/wp\/v2\/pages\/17360","targetHints":{"allow":["GET"]}}],"collection":[{"href":"https:\/\/glnmolds.pt\/de\/wp-json\/wp\/v2\/pages"}],"about":[{"href":"https:\/\/glnmolds.pt\/de\/wp-json\/wp\/v2\/types\/page"}],"author":[{"embeddable":true,"href":"https:\/\/glnmolds.pt\/de\/wp-json\/wp\/v2\/users\/1"}],"replies":[{"embeddable":true,"href":"https:\/\/glnmolds.pt\/de\/wp-json\/wp\/v2\/comments?post=17360"}],"version-history":[{"count":52,"href":"https:\/\/glnmolds.pt\/de\/wp-json\/wp\/v2\/pages\/17360\/revisions"}],"predecessor-version":[{"id":17720,"href":"https:\/\/glnmolds.pt\/de\/wp-json\/wp\/v2\/pages\/17360\/revisions\/17720"}],"wp:attachment":[{"href":"https:\/\/glnmolds.pt\/de\/wp-json\/wp\/v2\/media?parent=17360"}],"curies":[{"name":"wp","href":"https:\/\/api.w.org\/{rel}","templated":true}]}}